{"id":17688,"date":"2021-09-24T14:12:55","date_gmt":"2021-09-24T11:12:55","guid":{"rendered":"http:\/\/ucsan.com.tr\/?page_id=17688"},"modified":"2023-04-28T14:42:18","modified_gmt":"2023-04-28T11:42:18","slug":"attended-fairs","status":"publish","type":"page","link":"https:\/\/ucsan.com.tr\/en\/attended-fairs\/","title":{"rendered":"ATTENDED FAIRS"},"content":{"rendered":"<div class=\"vce-row-container\"><div class=\"vce-row vce-row--col-gap-15 vce-row-content--top\" id=\"el-42559565\" data-vce-do-apply=\"all el-42559565\" data-vce-full-width=\"true\" data-vce-stretch-content=\"true\"><div class=\"vce-content-background-container\"><\/div><div class=\"vce-row-content\" data-vce-element-content=\"true\"><div class=\"vce-col vce-col--xs-100p vce-col--xs-visible vce-col--xs-last vce-col--xs-first vce-col--sm-100p vce-col--sm-visible vce-col--sm-last vce-col--sm-first vce-col--md-auto vce-col--md-visible vce-col--md-first vce-col--lg-auto vce-col--lg-visible vce-col--lg-first vce-col--xl-auto vce-col--xl-visible vce-col--xl-first\" id=\"el-be463cec\"><div class=\"vce-col-inner\" data-vce-do-apply=\"border margin background  el-be463cec\"><div class=\"vce-content-background-container\"><\/div><div class=\"vce-col-content\" data-vce-element-content=\"true\" data-vce-do-apply=\"padding el-be463cec\"><div class=\"vce-single-image-container vce-single-image--align-center\"><div class=\"vce vce-single-image-wrapper\" id=\"el-3ec25fc0\" data-vce-do-apply=\"all el-3ec25fc0\"><figure><div class=\"vce-single-image-figure-inner\" style=\"width: 2560px;\"><a href=\"http:\/\/ucsan.com.tr\/zuchex-fair-photo-galary\/\" title=\"\" rel=\"nofollow\" class=\"vce-single-image-inner vce-single-image--absolute vce-single-image--border-rounded\" style=\"width: 100%; padding-bottom: 70.8594%;\"><img loading=\"lazy\" decoding=\"async\" class=\"vce-single-image\"  width=\"2560\" height=\"1814\" srcset=\"https:\/\/ucsan.com.tr\/wp-content\/uploads\/2023\/04\/ZUCHEX-2021-FAIR-scaled-320x227.jpg 320w, https:\/\/ucsan.com.tr\/wp-content\/uploads\/2023\/04\/ZUCHEX-2021-FAIR-scaled-480x340.jpg 480w, https:\/\/ucsan.com.tr\/wp-content\/uploads\/2023\/04\/ZUCHEX-2021-FAIR-scaled-800x567.jpg 800w, https:\/\/ucsan.com.tr\/wp-content\/uploads\/2023\/04\/ZUCHEX-2021-FAIR-scaled-2560x1814.jpg 2560w\" src=\"https:\/\/ucsan.com.tr\/wp-content\/uploads\/2023\/04\/ZUCHEX-2021-FAIR-scaled-2560x1814.jpg\" data-img-src=\"https:\/\/ucsan.com.tr\/wp-content\/uploads\/2021\/09\/ZUCHEX-2021-FAIR-scaled.jpg\" data-attachment-id=\"17693\"  alt=\"\" title=\"ZUCHEX-2021-FAIR\" \/><\/a><\/div><figcaption hidden=\"\"><\/figcaption><\/figure><\/div><\/div><div class=\"vce-text-block\"><div class=\"vce-text-block-wrapper vce\" id=\"el-005ae88b\" data-vce-do-apply=\"all el-005ae88b\"><p><a href=\"http:\/\/ucsan.com.tr\/zuchex-fair-photo-galary\/\" data-wplink-edit=\"true\"><strong><em>16-19 September 2021 ZUCHEX<\/em><\/strong><\/a><\/p><\/div><\/div><\/div><\/div><\/div><div class=\"vce-col vce-col--xs-100p vce-col--xs-visible vce-col--xs-last vce-col--xs-first vce-col--sm-100p vce-col--sm-visible vce-col--sm-last vce-col--sm-first vce-col--md-auto vce-col--md-visible vce-col--lg-auto vce-col--lg-visible vce-col--xl-auto vce-col--xl-visible\" id=\"el-a9a01238\"><div class=\"vce-col-inner\" data-vce-do-apply=\"border margin background  el-a9a01238\"><div class=\"vce-col-content\" data-vce-element-content=\"true\" data-vce-do-apply=\"padding el-a9a01238\"><div class=\"vce-single-image-container vce-single-image--align-center\"><div class=\"vce vce-single-image-wrapper\" id=\"el-5280b241\" data-vce-do-apply=\"all el-5280b241\"><figure><div class=\"vce-single-image-figure-inner\" style=\"width: 2484px;\"><a href=\"http:\/\/ucsan.com.tr\/post-istanbul-fair\/\" title=\"\" class=\"vce-single-image-inner vce-single-image--absolute vce-single-image--border-rounded\" style=\"width: 100%; padding-bottom: 70.8535%;\"><img loading=\"lazy\" decoding=\"async\" class=\"vce-single-image\"  width=\"2484\" height=\"1760\" srcset=\"https:\/\/ucsan.com.tr\/wp-content\/uploads\/2022\/08\/HOST-ISTANBUL-FAIR-2022-ONAYLI-01-320x227.jpg 320w, https:\/\/ucsan.com.tr\/wp-content\/uploads\/2022\/08\/HOST-ISTANBUL-FAIR-2022-ONAYLI-01-480x340.jpg 480w, https:\/\/ucsan.com.tr\/wp-content\/uploads\/2022\/08\/HOST-ISTANBUL-FAIR-2022-ONAYLI-01-800x567.jpg 800w, https:\/\/ucsan.com.tr\/wp-content\/uploads\/2023\/04\/HOST-ISTANBUL-FAIR-2022-ONAYLI-01-2484x1760.jpg 2484w\" src=\"https:\/\/ucsan.com.tr\/wp-content\/uploads\/2023\/04\/HOST-ISTANBUL-FAIR-2022-ONAYLI-01-2484x1760.jpg\" data-img-src=\"https:\/\/ucsan.com.tr\/wp-content\/uploads\/2022\/08\/HOST-ISTANBUL-FAIR-2022-ONAYLI-01.jpg\" data-attachment-id=\"22153\"  alt=\"\" title=\"HOST ISTANBUL FAIR - 2022 - ONAYLI-01\" \/><\/a><\/div><figcaption hidden=\"\"><\/figcaption><\/figure><\/div><\/div><div class=\"vce-text-block\"><div class=\"vce-text-block-wrapper vce\" id=\"el-0bfc5f1e\" data-vce-do-apply=\"all el-0bfc5f1e\"><p><span style=\"font-weight: 400; font-style: normal; color: #ff6600;\"><em><strong>10-13 March 2022 HOST ISTANBUL&nbsp;<\/strong><\/em><\/span><\/p><\/div><\/div><\/div><\/div><\/div><div class=\"vce-col vce-col--xs-100p vce-col--xs-visible vce-col--xs-last vce-col--xs-first vce-col--sm-100p vce-col--sm-visible vce-col--sm-last vce-col--sm-first vce-col--md-auto vce-col--md-visible vce-col--md-last vce-col--lg-auto vce-col--lg-visible vce-col--lg-last vce-col--xl-auto vce-col--xl-visible vce-col--xl-last\" id=\"el-296dc378\"><div class=\"vce-col-inner\" data-vce-do-apply=\"border margin background  el-296dc378\"><div class=\"vce-col-content\" data-vce-element-content=\"true\" data-vce-do-apply=\"padding el-296dc378\"><div class=\"vce-single-image-container vce-single-image--align-center\"><div class=\"vce vce-single-image-wrapper\" id=\"el-b08c9004\" data-vce-do-apply=\"all el-b08c9004\"><figure><div class=\"vce-single-image-figure-inner\" style=\"width: 2484px;\"><div class=\"vce-single-image-inner vce-single-image--absolute vce-single-image--border-rounded\" style=\"width: 100%; padding-bottom: 70.8535%;\"><img loading=\"lazy\" decoding=\"async\" class=\"vce-single-image\"  width=\"2484\" height=\"1760\" srcset=\"https:\/\/ucsan.com.tr\/wp-content\/uploads\/2022\/09\/ZUCHEX-INTERNATIONAL-HOUSEWARE-FAIR-2022-onayli-320x227.jpg 320w, https:\/\/ucsan.com.tr\/wp-content\/uploads\/2022\/09\/ZUCHEX-INTERNATIONAL-HOUSEWARE-FAIR-2022-onayli-480x340.jpg 480w, https:\/\/ucsan.com.tr\/wp-content\/uploads\/2022\/09\/ZUCHEX-INTERNATIONAL-HOUSEWARE-FAIR-2022-onayli-800x567.jpg 800w, https:\/\/ucsan.com.tr\/wp-content\/uploads\/2023\/04\/ZUCHEX-INTERNATIONAL-HOUSEWARE-FAIR-2022-onayli-2484x1760.jpg 2484w\" src=\"https:\/\/ucsan.com.tr\/wp-content\/uploads\/2023\/04\/ZUCHEX-INTERNATIONAL-HOUSEWARE-FAIR-2022-onayli-2484x1760.jpg\" data-img-src=\"https:\/\/ucsan.com.tr\/wp-content\/uploads\/2022\/09\/ZUCHEX-INTERNATIONAL-HOUSEWARE-FAIR-2022-onayli.jpg\" data-attachment-id=\"22519\"  alt=\"\" title=\"ZUCHEX INTERNATIONAL HOUSEWARE FAIR - 2022 - onayl\u0131\" \/><\/div><\/div><figcaption hidden=\"\"><\/figcaption><\/figure><\/div><\/div><div class=\"vce-text-block\"><div class=\"vce-text-block-wrapper vce\" id=\"el-00f4be1e\" data-vce-do-apply=\"all el-00f4be1e\"><p><em style=\"color: #ff6600;\"><strong>15-18 September 2022 ZUCHEX<\/strong><\/em><\/p><\/div><\/div><\/div><\/div><\/div><\/div><\/div><\/div><div class=\"vce-row-container\"><div class=\"vce-row vce-row--col-gap-15 vce-row-content--top\" id=\"el-bd0a1b45\" data-vce-do-apply=\"all el-bd0a1b45\" data-vce-full-width=\"true\" data-vce-stretch-content=\"true\"><div class=\"vce-content-background-container\"><\/div><div class=\"vce-row-content\" data-vce-element-content=\"true\"><div class=\"vce-col vce-col--xs-100p vce-col--xs-visible vce-col--xs-last vce-col--xs-first vce-col--sm-100p vce-col--sm-visible vce-col--sm-last vce-col--sm-first vce-col--md-auto vce-col--md-visible vce-col--md-first vce-col--lg-auto vce-col--lg-visible vce-col--lg-first vce-col--xl-auto vce-col--xl-visible vce-col--xl-first\" id=\"el-e48bc4a3\"><div class=\"vce-col-inner\" data-vce-do-apply=\"border margin background  el-e48bc4a3\"><div class=\"vce-content-background-container\"><\/div><div class=\"vce-col-content\" data-vce-element-content=\"true\" data-vce-do-apply=\"padding el-e48bc4a3\"><div class=\"vce-single-image-container vce-single-image--align-center\"><div class=\"vce vce-single-image-wrapper\" id=\"el-1c1053c8\" data-vce-do-apply=\"all el-1c1053c8\"><figure><div class=\"vce-single-image-figure-inner\" style=\"width: 2484px;\"><div class=\"vce-single-image-inner vce-single-image--absolute vce-single-image--border-rounded\" style=\"width: 100%; padding-bottom: 70.8535%;\"><img loading=\"lazy\" decoding=\"async\" class=\"vce-single-image\"  width=\"2484\" height=\"1760\" srcset=\"https:\/\/ucsan.com.tr\/wp-content\/uploads\/2022\/10\/ISTOC-FEST-320x227.jpg 320w, https:\/\/ucsan.com.tr\/wp-content\/uploads\/2022\/10\/ISTOC-FEST-480x340.jpg 480w, https:\/\/ucsan.com.tr\/wp-content\/uploads\/2022\/10\/ISTOC-FEST-800x567.jpg 800w, https:\/\/ucsan.com.tr\/wp-content\/uploads\/2023\/04\/ISTOC-FEST-2484x1760.jpg 2484w\" src=\"https:\/\/ucsan.com.tr\/wp-content\/uploads\/2023\/04\/ISTOC-FEST-2484x1760.jpg\" data-img-src=\"https:\/\/ucsan.com.tr\/wp-content\/uploads\/2022\/10\/ISTOC-FEST.jpg\" data-attachment-id=\"22523\"  alt=\"\" title=\"\u0130STO\u00c7 FEST\" \/><\/div><\/div><figcaption hidden=\"\"><\/figcaption><\/figure><\/div><\/div><div class=\"vce-text-block\"><div class=\"vce-text-block-wrapper vce\" id=\"el-4fd5e54c\" data-vce-do-apply=\"all el-4fd5e54c\"><p><a style=\"background-color: #ffffff;\" href=\"..\/zuchex-fair-photo-galary\/\" data-wplink-edit=\"true\"><strong><em>17-20 EK\u0130M 2022&nbsp; \u0130STO\u00c7FEST<\/em><\/strong><\/a><\/p><\/div><\/div><\/div><\/div><\/div><div class=\"vce-col vce-col--xs-100p vce-col--xs-visible vce-col--xs-last vce-col--xs-first vce-col--sm-100p vce-col--sm-visible vce-col--sm-last vce-col--sm-first vce-col--md-auto vce-col--md-visible vce-col--lg-auto vce-col--lg-visible vce-col--xl-auto vce-col--xl-visible\" id=\"el-c5541b31\"><div class=\"vce-col-inner\" data-vce-do-apply=\"border margin background  el-c5541b31\"><div class=\"vce-col-content\" data-vce-element-content=\"true\" data-vce-do-apply=\"padding el-c5541b31\"><div><\/div><\/div><\/div><\/div><div class=\"vce-col vce-col--xs-100p vce-col--xs-visible vce-col--xs-last vce-col--xs-first vce-col--sm-100p vce-col--sm-visible vce-col--sm-last vce-col--sm-first vce-col--md-auto vce-col--md-visible vce-col--md-last vce-col--lg-auto vce-col--lg-visible vce-col--lg-last vce-col--xl-auto vce-col--xl-visible vce-col--xl-last\" id=\"el-2aea6a95\"><div class=\"vce-col-inner\" data-vce-do-apply=\"border margin background  el-2aea6a95\"><div class=\"vce-col-content\" data-vce-element-content=\"true\" data-vce-do-apply=\"padding el-2aea6a95\"><div><\/div><\/div><\/div><\/div><\/div><\/div><\/div>","protected":false},"excerpt":{"rendered":"<p>16-19 September 2021 ZUCHEX10-13 March 2022 HOST ISTANBUL&nbsp;15-18 September 2022 ZUCHEX17-20 EK\u0130M 2022&nbsp; \u0130STO\u00c7FEST<\/p>\n","protected":false},"author":1,"featured_media":0,"parent":0,"menu_order":0,"comment_status":"closed","ping_status":"closed","template":"","meta":{"footnotes":""},"class_list":["post-17688","page","type-page","status-publish","hentry"],"_links":{"self":[{"href":"https:\/\/ucsan.com.tr\/en\/wp-json\/wp\/v2\/pages\/17688","targetHints":{"allow":["GET"]}}],"collection":[{"href":"https:\/\/ucsan.com.tr\/en\/wp-json\/wp\/v2\/pages"}],"about":[{"href":"https:\/\/ucsan.com.tr\/en\/wp-json\/wp\/v2\/types\/page"}],"author":[{"embeddable":true,"href":"https:\/\/ucsan.com.tr\/en\/wp-json\/wp\/v2\/users\/1"}],"replies":[{"embeddable":true,"href":"https:\/\/ucsan.com.tr\/en\/wp-json\/wp\/v2\/comments?post=17688"}],"version-history":[{"count":11,"href":"https:\/\/ucsan.com.tr\/en\/wp-json\/wp\/v2\/pages\/17688\/revisions"}],"predecessor-version":[{"id":22603,"href":"https:\/\/ucsan.com.tr\/en\/wp-json\/wp\/v2\/pages\/17688\/revisions\/22603"}],"wp:attachment":[{"href":"https:\/\/ucsan.com.tr\/en\/wp-json\/wp\/v2\/media?parent=17688"}],"curies":[{"name":"wp","href":"https:\/\/api.w.org\/{rel}","templated":true}]}}