{"id":8880,"date":"2020-12-06T21:42:36","date_gmt":"2020-12-06T18:42:36","guid":{"rendered":"http:\/\/ucsan.com.tr.tr\/?page_id=8880"},"modified":"2020-12-12T20:42:50","modified_gmt":"2020-12-12T17:42:50","slug":"iso-iec-270012013-information-security-management-standarts","status":"publish","type":"page","link":"https:\/\/ucsan.com.tr\/en\/certificates\/iso-certifications\/iso-iec-270012013-information-security-management-standarts\/","title":{"rendered":"ISO\/IEC 27001:2013 &#8211; INFORMATION SECURITY MANAGEMENT STANDARTS"},"content":{"rendered":"<div class=\"vce-row-container\" data-vce-boxed-width=\"true\"><div class=\"vce-row vce-row--col-gap-30 vce-row-equal-height vce-row-columns--top vce-row-content--top\" id=\"el-756621c0\" data-vce-do-apply=\"all el-756621c0\"><div class=\"vce-row-content\" data-vce-element-content=\"true\"><div class=\"vce-col vce-col--md-auto vce-col--xs-1 vce-col--xs-last vce-col--xs-first vce-col--sm-last vce-col--sm-first vce-col--md-last vce-col--lg-last vce-col--xl-last vce-col--md-first vce-col--lg-first vce-col--xl-first\" id=\"el-d228e6d4\"><div class=\"vce-col-inner\" data-vce-do-apply=\"border margin background  el-d228e6d4\"><div class=\"vce-col-content\" data-vce-element-content=\"true\" data-vce-do-apply=\"padding el-d228e6d4\"><div class=\"vce-text-block\"><div class=\"vce-text-block-wrapper vce\" id=\"el-7e9a39bc\" data-vce-do-apply=\"all el-7e9a39bc\"><h2 style=\"text-align: center;\"><span style=\"color: #da2525;\">ISO\/IEC 27001:2013&nbsp;<\/span><\/h2><h2 style=\"text-align: center;\"><span style=\"color: #da2525;\">INFORMATION SECURITY MANAGEMENT STANDARTS<\/span><\/h2><p>&nbsp;<\/p><\/div><\/div><\/div><\/div><\/div><\/div><\/div><\/div><div class=\"vce-row-container\" data-vce-boxed-width=\"true\"><div class=\"vce-row vce-row--col-gap-30 vce-row-equal-height vce-row-columns--top vce-row-content--top\" id=\"el-8d7084fa\" data-vce-do-apply=\"all el-8d7084fa\"><div class=\"vce-row-content\" data-vce-element-content=\"true\"><div class=\"vce-col vce-col--md-auto vce-col--xs-1 vce-col--xs-last vce-col--xs-first vce-col--sm-last vce-col--sm-first vce-col--md-last vce-col--lg-last vce-col--xl-last vce-col--md-first vce-col--lg-first vce-col--xl-first\" id=\"el-2f0bae8b\"><div class=\"vce-col-inner\" data-vce-do-apply=\"border margin background  el-2f0bae8b\"><div class=\"vce-col-content\" data-vce-element-content=\"true\" data-vce-do-apply=\"padding el-2f0bae8b\"><div class=\"vce-single-image-container vce-single-image--align-center\"><div class=\"vce vce-single-image-wrapper\" id=\"el-5e242423\" data-vce-do-apply=\"all el-5e242423\"><figure><div class=\"vce-single-image-inner vce-single-image--absolute vce-single-image--border-rounded\" style=\"padding-bottom: 136.533%; width: 750px;\"><img loading=\"lazy\" decoding=\"async\" class=\"vce-single-image\" width=\"750\" height=\"1024\" src=\"https:\/\/ucsan.com.tr\/wp-content\/uploads\/2020\/12\/UCSAN-PLASTIK-27001-1-750x1024.jpg\" srcset=\"https:\/\/ucsan.com.tr\/wp-content\/uploads\/2020\/12\/UCSAN-PLASTIK-27001-1-320x437.jpg 320w,https:\/\/ucsan.com.tr\/wp-content\/uploads\/2020\/12\/UCSAN-PLASTIK-27001-1-480x655.jpg 480w,https:\/\/ucsan.com.tr\/wp-content\/uploads\/2020\/12\/UCSAN-PLASTIK-27001-1-800x1092.jpg 800w,https:\/\/ucsan.com.tr\/wp-content\/uploads\/2020\/12\/UCSAN-PLASTIK-27001-1-750x1024.jpg 750w,https:\/\/ucsan.com.tr\/wp-content\/uploads\/2020\/12\/UCSAN-PLASTIK-27001-1-1500x2048.jpg 2x\" data-img-src=\"https:\/\/ucsan.com.tr\/wp-content\/uploads\/2020\/12\/UCSAN-PLASTIK-27001-1.jpg\" alt=\"\" title=\"\u00dc\u00c7SAN PLAST\u0130K 27001-1\" \/><\/div><figcaption hidden=\"\"><\/figcaption><\/figure><\/div><\/div><\/div><\/div><\/div><\/div><\/div><\/div>\n","protected":false},"excerpt":{"rendered":"<p>ISO\/IEC 27001:2013&nbsp;INFORMATION SECURITY MANAGEMENT STANDARTS&nbsp;<\/p>\n","protected":false},"author":1,"featured_media":0,"parent":6685,"menu_order":0,"comment_status":"closed","ping_status":"closed","template":"","meta":{"footnotes":""},"class_list":["post-8880","page","type-page","status-publish","hentry"],"_links":{"self":[{"href":"https:\/\/ucsan.com.tr\/en\/wp-json\/wp\/v2\/pages\/8880","targetHints":{"allow":["GET"]}}],"collection":[{"href":"https:\/\/ucsan.com.tr\/en\/wp-json\/wp\/v2\/pages"}],"about":[{"href":"https:\/\/ucsan.com.tr\/en\/wp-json\/wp\/v2\/types\/page"}],"author":[{"embeddable":true,"href":"https:\/\/ucsan.com.tr\/en\/wp-json\/wp\/v2\/users\/1"}],"replies":[{"embeddable":true,"href":"https:\/\/ucsan.com.tr\/en\/wp-json\/wp\/v2\/comments?post=8880"}],"version-history":[{"count":0,"href":"https:\/\/ucsan.com.tr\/en\/wp-json\/wp\/v2\/pages\/8880\/revisions"}],"up":[{"embeddable":true,"href":"https:\/\/ucsan.com.tr\/en\/wp-json\/wp\/v2\/pages\/6685"}],"wp:attachment":[{"href":"https:\/\/ucsan.com.tr\/en\/wp-json\/wp\/v2\/media?parent=8880"}],"curies":[{"name":"wp","href":"https:\/\/api.w.org\/{rel}","templated":true}]}}