{"id":17154,"date":"2021-02-18T10:56:38","date_gmt":"2021-02-18T07:56:38","guid":{"rendered":"http:\/\/ucsan.com.tr\/?post_type=product&#038;p=17154"},"modified":"2022-01-12T16:16:32","modified_gmt":"2022-01-12T13:16:32","slug":"m-1905-yeni-nesil-renkli-kasa-40l","status":"publish","type":"product","link":"https:\/\/ucsan.com.tr\/en\/product\/m-1905-yeni-nesil-renkli-kasa-40l\/","title":{"rendered":"M-1905 &#8211; NEW GENERATION COLOURED BOX 40 L"},"content":{"rendered":"<p><strong>CODE NO :<\/strong><\/p>\n<table width=\"874\">\n<tbody>\n<tr>\n<td width=\"945\">M-1905<\/td>\n<\/tr>\n<\/tbody>\n<\/table>\n<p><strong>DESCR\u0130PT\u0130ON OF GOODS :<\/strong><\/p>\n<table width=\"403\">\n<tbody>\n<tr>\n<td width=\"945\">\n<table width=\"867\">\n<tbody>\n<tr>\n<td width=\"945\">YEN\u0130 NES\u0130L RENKL\u0130 KASA &#8211; 40L<\/td>\n<\/tr>\n<\/tbody>\n<\/table>\n<\/td>\n<\/tr>\n<\/tbody>\n<\/table>\n<p>&nbsp;<\/p>\n<table width=\"874\">\n<tbody>\n<tr>\n<td width=\"102\"><\/td>\n<td width=\"104\"><\/td>\n<td width=\"108\"><strong>GROSS\u00a0<\/strong><\/td>\n<td width=\"117\"><strong>NET\u00a0<\/strong><\/td>\n<td width=\"189\"><\/td>\n<td width=\"196\"><\/td>\n<\/tr>\n<tr>\n<td><strong>Quantity<\/strong><\/td>\n<td><strong>each box<\/strong><\/td>\n<td><strong>each box<\/strong><\/td>\n<td><strong>each box<\/strong><\/td>\n<td><strong>Box<\/strong><\/td>\n<td><\/td>\n<\/tr>\n<tr>\n<td><strong>in Box<\/strong><\/td>\n<td><strong>volume<\/strong><\/td>\n<td><strong>weight<\/strong><\/td>\n<td><strong>weight<\/strong><\/td>\n<td><strong>Dimensions (cm)<\/strong><\/td>\n<td><strong>Barcode No:<\/strong><\/td>\n<\/tr>\n<tr>\n<td>6<\/td>\n<td>0,147<\/td>\n<td><\/td>\n<td><\/td>\n<td>61&#215;44,5&#215;54<\/td>\n<td>8 691459 190507<\/td>\n<\/tr>\n<\/tbody>\n<\/table>\n","protected":false},"excerpt":{"rendered":"<p><strong>CODE NO :<\/strong><\/p>\n<table width=\"874\">\n<tbody>\n<tr>\n<td width=\"945\">M-1905<\/td>\n<\/tr>\n<\/tbody>\n<\/table>\n<p><strong>DESCR\u0130PT\u0130ON OF GOODS :<\/strong><\/p>\n<table width=\"403\">\n<tbody>\n<tr>\n<td width=\"945\">\n<table width=\"867\">\n<tbody>\n<tr>\n<td width=\"945\">YEN\u0130 NES\u0130L RENKL\u0130 KASA &#8211; 40L<\/td>\n<\/tr>\n<\/tbody>\n<\/table>\n<\/td>\n<\/tr>\n<\/tbody>\n<\/table>\n<p>&nbsp;<\/p>\n<table width=\"874\">\n<tbody>\n<tr>\n<td width=\"102\"><\/td>\n<td width=\"104\"><\/td>\n<td width=\"108\"><strong>GROSS\u00a0<\/strong><\/td>\n<td width=\"117\"><strong>NET\u00a0<\/strong><\/td>\n<td width=\"189\"><\/td>\n<td width=\"196\"><\/td>\n<\/tr>\n<tr>\n<td><strong>Quantity<\/strong><\/td>\n<td><strong>each box<\/strong><\/td>\n<td><strong>each box<\/strong><\/td>\n<td><strong>each box<\/strong><\/td>\n<td><strong>Box<\/strong><\/td>\n<td><\/td>\n<\/tr>\n<tr>\n<td><strong>in Box<\/strong><\/td>\n<td><strong>volume<\/strong><\/td>\n<td><strong>weight<\/strong><\/td>\n<td><strong>weight<\/strong><\/td>\n<td><strong>Dimensions (cm)<\/strong><\/td>\n<td><strong>Barcode No:<\/strong><\/td>\n<\/tr>\n<tr>\n<td>6<\/td>\n<td>0,147<\/td>\n<td><\/td>\n<td><\/td>\n<td>61&#215;44,5&#215;54<\/td>\n<td>8 691459 190507<\/td>\n<\/tr>\n<\/tbody>\n<\/table>\n<p>&nbsp;<\/p>\n","protected":false},"featured_media":21636,"template":"","meta":[],"product_brand":[],"product_cat":[273],"product_tag":[288,283,276],"class_list":{"0":"post-17154","1":"product","2":"type-product","3":"status-publish","4":"has-post-thumbnail","6":"product_cat-new-generation","7":"product_tag-288","8":"product_tag-renkli-kasa","9":"product_tag-yeni-nesil","11":"first","12":"instock","13":"shipping-taxable","14":"product-type-simple"},"_links":{"self":[{"href":"https:\/\/ucsan.com.tr\/en\/wp-json\/wp\/v2\/product\/17154","targetHints":{"allow":["GET"]}}],"collection":[{"href":"https:\/\/ucsan.com.tr\/en\/wp-json\/wp\/v2\/product"}],"about":[{"href":"https:\/\/ucsan.com.tr\/en\/wp-json\/wp\/v2\/types\/product"}],"wp:featuredmedia":[{"embeddable":true,"href":"https:\/\/ucsan.com.tr\/en\/wp-json\/wp\/v2\/media\/21636"}],"wp:attachment":[{"href":"https:\/\/ucsan.com.tr\/en\/wp-json\/wp\/v2\/media?parent=17154"}],"wp:term":[{"taxonomy":"product_brand","embeddable":true,"href":"https:\/\/ucsan.com.tr\/en\/wp-json\/wp\/v2\/product_brand?post=17154"},{"taxonomy":"product_cat","embeddable":true,"href":"https:\/\/ucsan.com.tr\/en\/wp-json\/wp\/v2\/product_cat?post=17154"},{"taxonomy":"product_tag","embeddable":true,"href":"https:\/\/ucsan.com.tr\/en\/wp-json\/wp\/v2\/product_tag?post=17154"}],"curies":[{"name":"wp","href":"https:\/\/api.w.org\/{rel}","templated":true}]}}