{"id":17184,"date":"2021-02-18T17:10:52","date_gmt":"2021-02-18T14:10:52","guid":{"rendered":"http:\/\/ucsan.com.tr\/?post_type=product&#038;p=17184"},"modified":"2021-12-14T15:36:31","modified_gmt":"2021-12-14T12:36:31","slug":"m-1568-pure-white-cift-renk-kapakli-yuvarlak-saklama-kabi-fit-box-3lu-kucuk-set-03506511-l","status":"publish","type":"product","link":"https:\/\/ucsan.com.tr\/en\/product\/m-1568-pure-white-cift-renk-kapakli-yuvarlak-saklama-kabi-fit-box-3lu-kucuk-set-03506511-l\/","title":{"rendered":"M-1568 &#8211; PURE WHITE BODY LOCK &#038; FIT ROUND BOX 3 PCS SET (0,35L + 0,65 L + 1,1 L )"},"content":{"rendered":"<p><strong>CODE NO :<\/strong><\/p>\n<table width=\"874\">\n<tbody>\n<tr>\n<td width=\"945\">M-1568<\/td>\n<\/tr>\n<\/tbody>\n<\/table>\n<p><strong>DESCR\u0130PT\u0130ON OF GOODS :<\/strong><\/p>\n<table width=\"403\">\n<tbody>\n<tr>\n<td width=\"945\">\n<table width=\"867\">\n<tbody>\n<tr>\n<td width=\"945\">PURE WHITE \u00c7\u0130FT RENK KAPAKLI YUVARLAK SAKLAMA KABI F\u0130T BOX (3&#8217;l\u00fc k\u00fc\u00e7\u00fck set) 0,35+0,65+1,1 L<\/td>\n<\/tr>\n<\/tbody>\n<\/table>\n<\/td>\n<\/tr>\n<\/tbody>\n<\/table>\n<p>&nbsp;<\/p>\n<table width=\"874\">\n<tbody>\n<tr>\n<td width=\"102\"><\/td>\n<td width=\"104\"><\/td>\n<td width=\"108\"><strong>GROSS\u00a0<\/strong><\/td>\n<td width=\"117\"><strong>NET\u00a0<\/strong><\/td>\n<td width=\"189\"><\/td>\n<td width=\"196\"><\/td>\n<\/tr>\n<tr>\n<td><strong>Quantity<\/strong><\/td>\n<td><strong>each box<\/strong><\/td>\n<td><strong>each box<\/strong><\/td>\n<td><strong>each box<\/strong><\/td>\n<td><strong>Box<\/strong><\/td>\n<td><\/td>\n<\/tr>\n<tr>\n<td><strong>in Box<\/strong><\/td>\n<td><strong>volume<\/strong><\/td>\n<td><strong>weight<\/strong><\/td>\n<td><strong>weight<\/strong><\/td>\n<td><strong>Dimensions (cm)<\/strong><\/td>\n<td><strong>Barcode No:<\/strong><\/td>\n<\/tr>\n<tr>\n<td><\/td>\n<td><\/td>\n<td><\/td>\n<td><\/td>\n<td><\/td>\n<td>8691459156800<\/td>\n<\/tr>\n<\/tbody>\n<\/table>\n","protected":false},"excerpt":{"rendered":"<p><strong>CODE NO :<\/strong><\/p>\n<table width=\"874\">\n<tbody>\n<tr>\n<td width=\"945\">M-1568<\/td>\n<\/tr>\n<\/tbody>\n<\/table>\n<p><strong>DESCR\u0130PT\u0130ON OF GOODS :<\/strong><\/p>\n<table width=\"403\">\n<tbody>\n<tr>\n<td width=\"945\">\n<table width=\"867\">\n<tbody>\n<tr>\n<td width=\"945\">PURE WHITE \u00c7\u0130FT RENK KAPAKLI YUVARLAK SAKLAMA KABI F\u0130T BOX (3&#8217;l\u00fc k\u00fc\u00e7\u00fck set) 0,35+0,65+1,1 L<\/td>\n<\/tr>\n<\/tbody>\n<\/table>\n<\/td>\n<\/tr>\n<\/tbody>\n<\/table>\n<p>&nbsp;<\/p>\n<table width=\"874\">\n<tbody>\n<tr>\n<td width=\"102\"><\/td>\n<td width=\"104\"><\/td>\n<td width=\"108\"><strong>GROSS\u00a0<\/strong><\/td>\n<td width=\"117\"><strong>NET\u00a0<\/strong><\/td>\n<td width=\"189\"><\/td>\n<td width=\"196\"><\/td>\n<\/tr>\n<tr>\n<td><strong>Quantity<\/strong><\/td>\n<td><strong>each box<\/strong><\/td>\n<td><strong>each box<\/strong><\/td>\n<td><strong>each box<\/strong><\/td>\n<td><strong>Box<\/strong><\/td>\n<td><\/td>\n<\/tr>\n<tr>\n<td><strong>in Box<\/strong><\/td>\n<td><strong>volume<\/strong><\/td>\n<td><strong>weight<\/strong><\/td>\n<td><strong>weight<\/strong><\/td>\n<td><strong>Dimensions (cm)<\/strong><\/td>\n<td><strong>Barcode No:<\/strong><\/td>\n<\/tr>\n<tr>\n<td><\/td>\n<td><\/td>\n<td><\/td>\n<td><\/td>\n<td><\/td>\n<td>8691459156800<\/td>\n<\/tr>\n<\/tbody>\n<\/table>\n","protected":false},"featured_media":18690,"template":"","meta":[],"product_brand":[],"product_cat":[216],"product_tag":[302,294,296],"class_list":{"0":"post-17184","1":"product","2":"type-product","3":"status-publish","4":"has-post-thumbnail","6":"product_cat-lock-round-food-box","7":"product_tag-3lu-set","8":"product_tag-fit-box","9":"product_tag-saklama-kabi","11":"first","12":"instock","13":"shipping-taxable","14":"product-type-simple"},"_links":{"self":[{"href":"https:\/\/ucsan.com.tr\/en\/wp-json\/wp\/v2\/product\/17184","targetHints":{"allow":["GET"]}}],"collection":[{"href":"https:\/\/ucsan.com.tr\/en\/wp-json\/wp\/v2\/product"}],"about":[{"href":"https:\/\/ucsan.com.tr\/en\/wp-json\/wp\/v2\/types\/product"}],"wp:featuredmedia":[{"embeddable":true,"href":"https:\/\/ucsan.com.tr\/en\/wp-json\/wp\/v2\/media\/18690"}],"wp:attachment":[{"href":"https:\/\/ucsan.com.tr\/en\/wp-json\/wp\/v2\/media?parent=17184"}],"wp:term":[{"taxonomy":"product_brand","embeddable":true,"href":"https:\/\/ucsan.com.tr\/en\/wp-json\/wp\/v2\/product_brand?post=17184"},{"taxonomy":"product_cat","embeddable":true,"href":"https:\/\/ucsan.com.tr\/en\/wp-json\/wp\/v2\/product_cat?post=17184"},{"taxonomy":"product_tag","embeddable":true,"href":"https:\/\/ucsan.com.tr\/en\/wp-json\/wp\/v2\/product_tag?post=17184"}],"curies":[{"name":"wp","href":"https:\/\/api.w.org\/{rel}","templated":true}]}}