{"id":4242,"date":"2020-09-05T08:02:31","date_gmt":"2020-09-05T05:02:31","guid":{"rendered":"http:\/\/ucsan.com.tr\/index.php\/product\/888-elegant-bowl-with-lid-3-pcs-set-13-l-27-l-43-l\/"},"modified":"2022-05-10T09:50:47","modified_gmt":"2022-05-10T06:50:47","slug":"888-elegant-bowl-with-lid-3-pcs-set-13-l-27-l-43-l","status":"publish","type":"product","link":"https:\/\/ucsan.com.tr\/en\/product\/888-elegant-bowl-with-lid-3-pcs-set-13-l-27-l-43-l\/","title":{"rendered":"M-888 &#8211; ELITE BOWL WITH LID 3 PCS SET (1,3 L + 2,7 L + 4,3 L)"},"content":{"rendered":"<p><strong>CODE NO :<\/strong><\/p>\n<table style=\"height: 34px;\" width=\"869\">\n<tbody>\n<tr>\n<td width=\"945\">M-888<\/td>\n<\/tr>\n<\/tbody>\n<\/table>\n<p><strong>DESCR\u0130PT\u0130ON OF GOODS :<\/strong><\/p>\n<table style=\"height: 22px;\" width=\"403\">\n<tbody>\n<tr>\n<td width=\"945\">\n<table style=\"height: 31px;\" width=\"868\">\n<tbody>\n<tr>\n<td width=\"945\">ELEGANT BOWL W\u0130TH L\u0130D 3 PCS SET &#8211; (1,3 L + 2,7 L + 4,3 L)<\/td>\n<\/tr>\n<\/tbody>\n<\/table>\n<\/td>\n<\/tr>\n<\/tbody>\n<\/table>\n<p>&nbsp;<\/p>\n<table style=\"height: 148px;\" width=\"874\">\n<tbody>\n<tr>\n<td width=\"102\"><\/td>\n<td width=\"104\"><\/td>\n<td width=\"108\"><strong>GROSS\u00a0<\/strong><\/td>\n<td width=\"117\"><strong>NET\u00a0<\/strong><\/td>\n<td width=\"189\"><\/td>\n<td width=\"196\"><\/td>\n<\/tr>\n<tr>\n<td><strong>Quantity<\/strong><\/td>\n<td><strong>each box<\/strong><\/td>\n<td><strong>each box<\/strong><\/td>\n<td><strong>each box<\/strong><\/td>\n<td><strong>Box<\/strong><\/td>\n<td><\/td>\n<\/tr>\n<tr>\n<td><strong>in Box<\/strong><\/td>\n<td><strong>volume<\/strong><\/td>\n<td><strong>weight<\/strong><\/td>\n<td><strong>weight<\/strong><\/td>\n<td><strong>Dimensions (cm)<\/strong><\/td>\n<td><strong>Barcode No:<\/strong><\/td>\n<\/tr>\n<tr>\n<td>12<\/td>\n<td>0,105<\/td>\n<td>7,566<\/td>\n<td>6,636<\/td>\n<td>50,5 X 50,5 X 41<\/td>\n<td>\n<table style=\"height: 33px;\" width=\"214\">\n<tbody>\n<tr>\n<td width=\"222\">8691459888008<\/td>\n<\/tr>\n<\/tbody>\n<\/table>\n<\/td>\n<\/tr>\n<\/tbody>\n<\/table>\n","protected":false},"excerpt":{"rendered":"<p>CODE NO : M-888 DESCR\u0130PT\u0130ON OF GOODS : ELEGANT BOWL W\u0130TH L\u0130D 3 PCS SET &#8211; (1,3 L + 2,7 L + 4,3 L) &nbsp; GROSS\u00a0 NET\u00a0 Quantity each box each box each box Box in Box volume weight weight Dimensions (cm) Barcode No: 12 0,105 7,566 6,636 50,5 X 50,5 X 41 8691459888008<\/p>\n","protected":false},"featured_media":22100,"template":"","meta":[],"product_brand":[],"product_cat":[110,69],"product_tag":[],"class_list":{"0":"post-4242","1":"product","2":"type-product","3":"status-publish","4":"has-post-thumbnail","6":"product_cat-elegant-bowl-collection","7":"product_cat-kitchen-hold-items","9":"first","10":"instock","11":"shipping-taxable","12":"product-type-simple"},"_links":{"self":[{"href":"https:\/\/ucsan.com.tr\/en\/wp-json\/wp\/v2\/product\/4242","targetHints":{"allow":["GET"]}}],"collection":[{"href":"https:\/\/ucsan.com.tr\/en\/wp-json\/wp\/v2\/product"}],"about":[{"href":"https:\/\/ucsan.com.tr\/en\/wp-json\/wp\/v2\/types\/product"}],"wp:featuredmedia":[{"embeddable":true,"href":"https:\/\/ucsan.com.tr\/en\/wp-json\/wp\/v2\/media\/22100"}],"wp:attachment":[{"href":"https:\/\/ucsan.com.tr\/en\/wp-json\/wp\/v2\/media?parent=4242"}],"wp:term":[{"taxonomy":"product_brand","embeddable":true,"href":"https:\/\/ucsan.com.tr\/en\/wp-json\/wp\/v2\/product_brand?post=4242"},{"taxonomy":"product_cat","embeddable":true,"href":"https:\/\/ucsan.com.tr\/en\/wp-json\/wp\/v2\/product_cat?post=4242"},{"taxonomy":"product_tag","embeddable":true,"href":"https:\/\/ucsan.com.tr\/en\/wp-json\/wp\/v2\/product_tag?post=4242"}],"curies":[{"name":"wp","href":"https:\/\/api.w.org\/{rel}","templated":true}]}}