{"id":15378,"date":"2020-10-14T07:25:53","date_gmt":"2020-10-14T04:25:53","guid":{"rendered":"http:\/\/ucsan.com.tr\/material-registration-certificate-in-contact-with-foods\/"},"modified":"2020-12-12T20:43:47","modified_gmt":"2020-12-12T17:43:47","slug":"gida-ile-temas-eden-malzeme-kayit-belgesi","status":"publish","type":"page","link":"https:\/\/ucsan.com.tr\/tr\/sertifikalar\/gida-ile-temas-eden-malzeme-kayit-belgesi\/","title":{"rendered":"G\u0131da Temas Sertifikalar\u0131"},"content":{"rendered":"<div class=\"vce-row-container\" data-vce-boxed-width=\"true\"><div class=\"vce-row vce-row--col-gap-30 vce-row-equal-height vce-row-columns--top vce-row-content--top\" id=\"el-a3f09a54\" data-vce-do-apply=\"all el-a3f09a54\"><div class=\"vce-row-content\" data-vce-element-content=\"true\"><div class=\"vce-col vce-col--md-auto vce-col--xs-1 vce-col--xs-last vce-col--xs-first vce-col--sm-last vce-col--sm-first vce-col--md-last vce-col--lg-last vce-col--xl-last vce-col--md-first vce-col--lg-first vce-col--xl-first\" id=\"el-2a7ea373\"><div class=\"vce-col-inner\" data-vce-do-apply=\"border margin background  el-2a7ea373\"><div class=\"vce-col-content\" data-vce-element-content=\"true\" data-vce-do-apply=\"padding el-2a7ea373\"><div class=\"vce-text-block\"><div class=\"vce-text-block-wrapper vce\" id=\"el-9ec66c26\" data-vce-do-apply=\"all el-9ec66c26\"><h2 style=\"text-align: center;\"><span style=\"color: #da2525;\">GIDA \u0130LE TEMAS EDEN MALZEME KAYIT SERT\u0130F\u0130KASI<\/span><\/h2><\/div><\/div><\/div><\/div><\/div><\/div><\/div><\/div><div class=\"vce-row-container\" data-vce-boxed-width=\"true\"><div class=\"vce-row vce-row--col-gap-30 vce-row-equal-height vce-row-columns--top vce-row-content--top\" id=\"el-b82d7206\" data-vce-do-apply=\"all el-b82d7206\"><div class=\"vce-row-content\" data-vce-element-content=\"true\"><div class=\"vce-col vce-col--md-auto vce-col--xs-1 vce-col--xs-last vce-col--xs-first vce-col--sm-last vce-col--sm-first vce-col--md-last vce-col--lg-last vce-col--xl-last vce-col--md-first vce-col--lg-first vce-col--xl-first\" id=\"el-66318be3\"><div class=\"vce-col-inner\" data-vce-do-apply=\"border margin background  el-66318be3\"><div class=\"vce-col-content\" data-vce-element-content=\"true\" data-vce-do-apply=\"padding el-66318be3\"><div class=\"vce-single-image-container vce-single-image--align-center\"><div class=\"vce vce-single-image-wrapper\" id=\"el-1f99bee4\" data-vce-do-apply=\"all el-1f99bee4\"><figure><div class=\"vce-single-image-inner vce-single-image--absolute vce-single-image--border-rounded\" style=\"padding-bottom: 142.857%; width: 420px;\"><img loading=\"lazy\" decoding=\"async\" class=\"vce-single-image\" width=\"420\" height=\"600\" src=\"https:\/\/ucsan.com.tr\/wp-content\/uploads\/2020\/12\/Material-Registration-Certificate-in-Contact-with-Food-420x600.jpg\" srcset=\"https:\/\/ucsan.com.tr\/wp-content\/uploads\/2020\/12\/Material-Registration-Certificate-in-Contact-with-Food-320x457.jpg 320w,https:\/\/ucsan.com.tr\/wp-content\/uploads\/2020\/12\/Material-Registration-Certificate-in-Contact-with-Food-420x600.jpg 420w\" data-img-src=\"https:\/\/ucsan.com.tr\/wp-content\/uploads\/2020\/12\/Material-Registration-Certificate-in-Contact-with-Food.jpg\" alt=\"\" title=\"G\u0131da ile Temas Halinde Malzeme Kay\u0131t Belgesi\" \/><\/div><figcaption hidden=\"\"><\/figcaption><\/figure><\/div><\/div><\/div><\/div><\/div><\/div><\/div><\/div>","protected":false},"excerpt":{"rendered":"<p>GIDA \u0130LE TEMAS EDEN MALZEME KAYIT SERT\u0130F\u0130KASI<\/p>","protected":false},"author":1,"featured_media":0,"parent":881,"menu_order":0,"comment_status":"closed","ping_status":"closed","template":"page-boxed.php","meta":{"footnotes":""},"class_list":["post-15378","page","type-page","status-publish","hentry"],"_links":{"self":[{"href":"https:\/\/ucsan.com.tr\/tr\/wp-json\/wp\/v2\/pages\/15378","targetHints":{"allow":["GET"]}}],"collection":[{"href":"https:\/\/ucsan.com.tr\/tr\/wp-json\/wp\/v2\/pages"}],"about":[{"href":"https:\/\/ucsan.com.tr\/tr\/wp-json\/wp\/v2\/types\/page"}],"author":[{"embeddable":true,"href":"https:\/\/ucsan.com.tr\/tr\/wp-json\/wp\/v2\/users\/1"}],"replies":[{"embeddable":true,"href":"https:\/\/ucsan.com.tr\/tr\/wp-json\/wp\/v2\/comments?post=15378"}],"version-history":[{"count":0,"href":"https:\/\/ucsan.com.tr\/tr\/wp-json\/wp\/v2\/pages\/15378\/revisions"}],"up":[{"embeddable":true,"href":"https:\/\/ucsan.com.tr\/tr\/wp-json\/wp\/v2\/pages\/881"}],"wp:attachment":[{"href":"https:\/\/ucsan.com.tr\/tr\/wp-json\/wp\/v2\/media?parent=15378"}],"curies":[{"name":"wp","href":"https:\/\/api.w.org\/{rel}","templated":true}]}}