{"id":63,"date":"2020-07-14T16:38:07","date_gmt":"2020-07-14T13:38:07","guid":{"rendered":"http:\/\/ucsan.com.tr\/?page_id=63"},"modified":"2020-12-19T10:48:19","modified_gmt":"2020-12-19T07:48:19","slug":"temas-etmek","status":"publish","type":"page","link":"https:\/\/ucsan.com.tr\/tr\/temas-etmek\/","title":{"rendered":""},"content":{"rendered":"<div class=\"vce-row-container\" data-vce-boxed-width=\"true\"><div class=\"vce-row vce-row--col-gap-30 vce-row-columns--top vce-row-content--top\" id=\"el-80037338\" data-vce-do-apply=\"all el-80037338\"><div class=\"vce-content-background-container\"><\/div><div class=\"vce-row-content\" data-vce-element-content=\"true\"><div class=\"vce-col vce-col--md-auto vce-col--xs-1 vce-col--xs-last vce-col--xs-first vce-col--sm-last vce-col--sm-first vce-col--md-last vce-col--lg-last vce-col--xl-last vce-col--md-first vce-col--lg-first vce-col--xl-first\" id=\"el-effbee21\"><div class=\"vce-col-inner\" data-vce-do-apply=\"border margin background  el-effbee21\"><div class=\"vce-col-content\" data-vce-element-content=\"true\" data-vce-do-apply=\"padding el-effbee21\"><div class=\"vce-text-block\"><div class=\"vce-text-block-wrapper vce\" id=\"el-ed66daa7\" data-vce-do-apply=\"all el-ed66daa7\"><h2 style=\"text-align: center;\"><span style=\"font-family: 'PT Serif'; font-weight: bold; font-style: normal; font-size: 36pt; color: #212121;\">Bize Ula\u015f\u0131n<\/span><\/h2><\/div><\/div><\/div><\/div><\/div><\/div><\/div><\/div><div class=\"vce-row-container\" data-vce-boxed-width=\"true\"><div class=\"vce-row vce-row--has-col-background vce-row--col-gap-30 vce-row-columns--top vce-row-content--top\" id=\"el-0fd2bee0\" data-vce-do-apply=\"all el-0fd2bee0\"><div class=\"vce-content-background-container\"><\/div><div class=\"vce-row-content\" data-vce-element-content=\"true\"><div class=\"vce-col vce-col--xs-hide vce-col--xs-first vce-col--sm-hide vce-col--sm-first vce-col--md-hide vce-col--md-first vce-col--lg-10p vce-col--lg-visible vce-col--lg-first vce-col--xl-10p vce-col--xl-visible vce-col--xl-first\" id=\"el-81889df8\"><div class=\"vce-col-inner\" data-vce-do-apply=\"border margin background  el-81889df8\"><div class=\"vce-col-content\" data-vce-element-content=\"true\" data-vce-do-apply=\"padding el-81889df8\"><\/div><\/div><\/div><div class=\"vce-col vce-col--xs-100p vce-col--xs-visible vce-col--xs-last vce-col--sm-100p vce-col--sm-visible vce-col--sm-last vce-col--md-30p vce-col--md-visible vce-col--lg-30p vce-col--lg-visible vce-col--xl-30p vce-col--xl-visible\" id=\"el-f42196fa\"><div class=\"vce-col-inner\" data-vce-do-apply=\"border margin background  el-f42196fa\"><div class=\"vce-content-background-container\"><\/div><div class=\"vce-col-content\" data-vce-element-content=\"true\" data-vce-do-apply=\"padding el-f42196fa\"><div class=\"vce-features vce-features--style-filled-circle vce-features--align-left vce-features--size-tiny vce-icon--style--icon-color-b-33-33-33 vce-icon--style--shape-color-b-249-212-76\"><div id=\"el-adaff6f9\" class=\"vce vce-features-icon-wrapper\" data-vce-do-apply=\"all el-adaff6f9\"><div class=\"vce-features--icon vce-icon\"><svg xmlns=\"https:\/\/www.w3.org\/2000\/svg\" viewbox=\"0 0 769 769\"><path stroke-width=\"25\" d=\"M565.755 696.27h-360l-180-311.77 180-311.77h360l180 311.77z\"><\/path><\/svg><span class=\"vce-icon-container vcv-ui-icon-feather vcv-ui-icon-feather-phone-call\"><\/span><\/div><\/div><\/div><div class=\"vce-text-block\"><div class=\"vce-text-block-wrapper vce\" id=\"el-f83be61f\" data-vce-do-apply=\"all el-f83be61f\"><p><span style=\"font-size: 18pt; font-family: Piazzolla; color: #000000; font-weight: 400; font-style: italic;\">Telefon numaras\u0131<\/span><\/p><p><span style=\"font-weight: 400; font-style: italic; font-size: 18pt; font-family: Piazzolla; color: #000000;\"><a style=\"color: #000000;\" href=\"tel:\/\/+902127466300\"><img loading=\"lazy\" decoding=\"async\" class=\"alignnone wp-image-8862 litespeed-loaded\" src=\"http:\/\/ucsan.com.tr.tr\/wp-content\/uploads\/2020\/12\/phone.png\" alt=\"\" data-lazyloaded=\"1\" data-src=\"http:\/\/ucsan.com.tr.tr\/wp-content\/uploads\/2020\/12\/phone.png\" data-was-processed=\"true\" width=\"21\" height=\"22\">&nbsp; +(90) 212 746 63 00<\/a><\/span><\/p><p><span style=\"font-weight: 400; font-style: italic; font-size: 18pt; font-family: Piazzolla; color: #000000;\"><img loading=\"lazy\" decoding=\"async\" class=\"alignnone wp-image-8866 litespeed-loaded\" src=\"http:\/\/ucsan.com.tr.tr\/wp-content\/uploads\/2020\/12\/fax.png\" alt=\"\" data-lazyloaded=\"1\" data-src=\"http:\/\/ucsan.com.tr.tr\/wp-content\/uploads\/2020\/12\/fax.png\" data-was-processed=\"true\" width=\"28\" height=\"28\">&nbsp;(+90) 212 746 61 11<\/span><\/p><\/div><\/div><div class=\"vce-features vce-features--style-filled-circle vce-features--align-left vce-features--size-tiny vce-icon--style--icon-color-b-33-33-33 vce-icon--style--shape-color-3cb878\"><div id=\"el-3eaf197f\" class=\"vce vce-features-icon-wrapper\" data-vce-do-apply=\"all el-3eaf197f\"><div class=\"vce-features--icon vce-icon\"><svg xmlns=\"https:\/\/www.w3.org\/2000\/svg\" viewbox=\"0 0 769 769\"><path stroke-width=\"25\" d=\"M565.755 696.27h-360l-180-311.77 180-311.77h360l180 311.77z\"><\/path><\/svg><span class=\"vce-icon-container vcv-ui-icon-feather vcv-ui-icon-feather-mail\"><\/span><\/div><\/div><\/div><div class=\"vce-text-block\"><div class=\"vce-text-block-wrapper vce\" id=\"el-64362ec5\" data-vce-do-apply=\"all el-64362ec5\"><h4><span style=\"font-size: 18pt; font-family: Piazzolla; color: #212121; font-weight: 400; font-style: normal;\">E<\/span><\/h4><p><span style=\"font-family: Piazzolla; color: #212121; font-weight: 400; font-style: normal;\">info@ucsanplastik.com<\/span><\/p><\/div><\/div><div class=\"vce-features vce-features--style-filled-circle vce-features--align-left vce-features--size-tiny vce-icon--style--icon-color-b-33-33-33 vce-icon--style--shape-color-b-178-194-208\"><div id=\"el-0425a7a8\" class=\"vce vce-features-icon-wrapper\" data-vce-do-apply=\"all el-0425a7a8\"><div class=\"vce-features--icon vce-icon\"><svg xmlns=\"https:\/\/www.w3.org\/2000\/svg\" viewbox=\"0 0 769 769\"><path stroke-width=\"25\" d=\"M565.755 696.27h-360l-180-311.77 180-311.77h360l180 311.77z\"><\/path><\/svg><span class=\"vce-icon-container vcv-ui-icon-feather vcv-ui-icon-feather-map-pin\"><\/span><\/div><\/div><\/div><div class=\"vce-text-block\"><div class=\"vce-text-block-wrapper vce\" id=\"el-2c2e9d44\" data-vce-do-apply=\"all el-2c2e9d44\"><h4><span style=\"font-size: 18pt; font-family: 'PT Serif'; color: #212121;\">yer<\/span><\/h4>\n<p>Sancaktepe Mah. Millet Cad. No: 16 Pk: 34580 Silivri \/ \u0130STANBUL<\/p><\/div><\/div><\/div><\/div><\/div><div class=\"vce-col vce-element--has-background vce-col--xs-100p vce-col--xs-visible vce-col--xs-last vce-col--xs-first vce-col--sm-100p vce-col--sm-visible vce-col--sm-last vce-col--sm-first vce-col--md-70p vce-col--md-visible vce-col--md-last vce-col--lg-50p vce-col--lg-visible vce-col--xl-50p vce-col--xl-visible\" id=\"el-f1e6155a\"><div class=\"vce-col-inner\" data-vce-do-apply=\"border margin background  el-f1e6155a\"><div class=\"vce-content-background-container\"><\/div><div class=\"vce-col-content\" data-vce-element-content=\"true\" data-vce-do-apply=\"padding el-f1e6155a\"><div class=\"vce-text-block\"><div class=\"vce-text-block-wrapper vce\" id=\"el-e38945b4\" data-vce-do-apply=\"all el-e38945b4\"><h4><strong><em><span style=\"font-family: 'PT Serif'; font-size: 18pt; color: #212121;\">Mesaj g\u00f6nder<\/span><\/em><\/strong><\/h4><p style=\"line-height: inherit;\"><span style=\"font-family: inherit; font-style: normal;\">Bize yazmak i\u00e7in zaman ay\u0131rd\u0131\u011f\u0131n\u0131z i\u00e7in te\u015fekk\u00fcr ederiz. \u00c7ok yak\u0131nda size geri d\u00f6nece\u011fiz.<\/span><\/p><\/div><\/div><div class=\"vce vce-simple-contact-form-container vce-simple-contact-form--shape-rounded vce-simple-contact-form--outline-color-CECECE vce-simple-contact-form--background-color-fff vce-simple-contact-form--placeholder-color-DADADA vce-simple-contact-form--input-color-555555 vce-simple-contact-form--label-color-555555 vce-simple-contact-form--field-gaps-20\" data-vce-do-apply=\"all el-608d4995\" id=\"el-608d4995\" data-vce-simple-contact-form-subject=\"\u00dc\u00e7san Web Site\"><form action=\"\"><div class=\"vce-simple-contact-form-confirmation-message\"><div class=\"vce-message-box vce vce-message-box-border--rounded vce-message-box-style--success\" id=\"el-9538fa75\" data-vce-do-apply=\"margin padding border background  el-9538fa75\"><div class=\"vce-message-box-inner\"><span class=\"vce-message-box-icon vcv-ui-icon-material vcv-ui-icon-material-check\"><\/span><span class=\"vce-message-box-text\"><p style=\"color: #ffffff;\">Mesaj\u0131n i\u00e7in te\u015fekk\u00fcrler. K\u0131sa s\u00fcre i\u00e7inde sizinle ileti\u015fime ge\u00e7ece\u011fiz; arkan\u0131za yaslan\u0131n ve keyfini \u00e7\u0131kar\u0131n!<\/p><\/span><\/div><\/div><\/div><div class=\"vce-simple-contact-form-error-message\"><div class=\"vce-message-box vce vce-message-box-border--rounded vce-message-box-style--error\" id=\"el-a938e267\" data-vce-do-apply=\"margin padding border background  el-a938e267\"><div class=\"vce-message-box-inner\"><span class=\"vce-message-box-icon vcv-ui-icon-material vcv-ui-icon-material-close\"><\/span><span class=\"vce-message-box-text\"><p style=\"color: #ffffff;\">Mesaj g\u00f6nderilemedi!<\/p><\/span><\/div><\/div><\/div><input type=\"hidden\" name=\"vcv-source-id\" value=\"63\"><input type=\"text\" required=\"\" id=\"vce-simple-form--name-608d4995\" class=\"vce-simple-contact-form-input\" placeholder=\"Ad\u0131n\u0131z\"><input type=\"email\" required=\"\" id=\"vce-simple-form--email-608d4995\" class=\"vce-simple-contact-form-input\" placeholder=\"E-posta\"><textarea required=\"\" id=\"vce-simple-form--message-608d4995\" class=\"vce-simple-contact-form-textarea vce-simple-contact-form-input\" cols=\"30\" rows=\"10\" placeholder=\"\"><\/textarea><div class=\"vce-button--style-basic-container vce-button--style-basic-container--align-left\"><span class=\"vce-button--style-basic-wrapper vce\" id=\"el-1787f58a\" data-vce-do-apply=\"margin el-1787f58a\"><button class=\"vce-button--style-basic vce-button--style-basic--border-square vce-button--style-basic--size-medium vce-button--style-basic--color-b-37-37-37--fff\" data-vce-do-apply=\"padding border background  el-1787f58a\">\u015eimdi g\u00f6nder<\/button><\/span><\/div><input type=\"hidden\" name=\"trp-form-language\" value=\"tr\"\/><\/form><\/div><\/div><\/div><\/div><div class=\"vce-col vce-col--xs-hide vce-col--xs-first vce-col--sm-hide vce-col--sm-first vce-col--md-hide vce-col--md-first vce-col--lg-10p vce-col--lg-visible vce-col--lg-last vce-col--xl-10p vce-col--xl-visible vce-col--xl-last\" id=\"el-219eaff6\"><div class=\"vce-col-inner\" data-vce-do-apply=\"border margin background  el-219eaff6\"><div class=\"vce-col-content\" data-vce-element-content=\"true\" data-vce-do-apply=\"padding el-219eaff6\"><\/div><\/div><\/div><\/div><\/div><\/div>","protected":false},"excerpt":{"rendered":"<p>Contact UsPhone Number&nbsp; +(90) 212 746 63 00&nbsp;(+90) 212 746 61 11Email Addressinfo@ucsanplastik.comLocation Sancak Tepe Mah. Millet Cad. No: 16 Pk : 34580 Silivri \/ \u0130STANBULSend MessageWe appreciate that you\u2019ve taken the time to write us.&nbsp;We\u2019ll get back to you very soon.Thank you for your message. We will contact you back shortly &#8211; sit back [&hellip;]<\/p>\n","protected":false},"author":1,"featured_media":0,"parent":0,"menu_order":0,"comment_status":"closed","ping_status":"closed","template":"","meta":{"footnotes":""},"class_list":["post-63","page","type-page","status-publish","hentry"],"_links":{"self":[{"href":"https:\/\/ucsan.com.tr\/tr\/wp-json\/wp\/v2\/pages\/63","targetHints":{"allow":["GET"]}}],"collection":[{"href":"https:\/\/ucsan.com.tr\/tr\/wp-json\/wp\/v2\/pages"}],"about":[{"href":"https:\/\/ucsan.com.tr\/tr\/wp-json\/wp\/v2\/types\/page"}],"author":[{"embeddable":true,"href":"https:\/\/ucsan.com.tr\/tr\/wp-json\/wp\/v2\/users\/1"}],"replies":[{"embeddable":true,"href":"https:\/\/ucsan.com.tr\/tr\/wp-json\/wp\/v2\/comments?post=63"}],"version-history":[{"count":0,"href":"https:\/\/ucsan.com.tr\/tr\/wp-json\/wp\/v2\/pages\/63\/revisions"}],"wp:attachment":[{"href":"https:\/\/ucsan.com.tr\/tr\/wp-json\/wp\/v2\/media?parent=63"}],"curies":[{"name":"wp","href":"https:\/\/api.w.org\/{rel}","templated":true}]}}