{"id":16136,"date":"2020-12-13T15:07:32","date_gmt":"2020-12-13T12:07:32","guid":{"rendered":"http:\/\/ucsan.com.tr\/?post_type=product&#038;p=16136"},"modified":"2022-01-31T14:41:01","modified_gmt":"2022-01-31T11:41:01","slug":"m-249-cheff-mega-salata-kasesi-32-x-15-cm-85-lt","status":"publish","type":"product","link":"https:\/\/ucsan.com.tr\/tr\/urun\/m-249-cheff-mega-salata-kasesi-32-x-15-cm-85-lt\/","title":{"rendered":"M-249 \u2013 CHEF MEGA SALATA KASES\u0130 (32 X 15 CM) 8,5 LT"},"content":{"rendered":"<p><strong>KOD NO:<\/strong><\/p>\n<table style=\"height: 34px;\" width=\"869\">\n<tbody>\n<tr>\n<td width=\"945\">M-249<\/td>\n<\/tr>\n<\/tbody>\n<\/table>\n<p><strong>\u00dcR\u00dcN A\u00c7IKLAMASI<\/strong><\/p>\n<table style=\"height: 45px;\" width=\"872\">\n<tbody>\n<tr>\n<td width=\"945\">CHEFF MEGA SALATA KASES\u0130 (32 X 15 CM) \u2013 8,5 LT<\/td>\n<\/tr>\n<\/tbody>\n<\/table>\n<p>&nbsp;<\/p>\n<table style=\"height: 148px;\" width=\"874\">\n<tbody>\n<tr>\n<td width=\"102\"><\/td>\n<td width=\"104\"><\/td>\n<td width=\"108\"><strong>Br\u00fct\u00a0<\/strong><\/td>\n<td width=\"117\"><strong>Net\u00a0<\/strong><\/td>\n<td width=\"189\"><\/td>\n<td width=\"196\"><\/td>\n<\/tr>\n<tr>\n<td><strong>Miktar<\/strong><\/td>\n<td><strong>Koli<\/strong><\/td>\n<td><strong>Koli<\/strong><\/td>\n<td><strong>Koli<\/strong><\/td>\n<td><strong>Kutu<\/strong><\/td>\n<td><\/td>\n<\/tr>\n<tr>\n<td><strong>Koli \u0130\u00e7i<\/strong><\/td>\n<td><strong>Hacim<\/strong><\/td>\n<td><strong>A\u011f\u0131rl\u0131k<\/strong><\/td>\n<td><strong>A\u011f\u0131rl\u0131k<\/strong><\/td>\n<td><strong>Boyutlar (cm)<\/strong><\/td>\n<td><strong>Barkod No:<\/strong><\/td>\n<\/tr>\n<tr>\n<td>24<\/td>\n<td>0,129<\/td>\n<td>9,500<\/td>\n<td>8,640<\/td>\n<td>65X32,5X61<\/td>\n<td>\n<table style=\"height: 33px;\" width=\"214\">\n<tbody>\n<tr>\n<td width=\"222\">8691459249007<\/td>\n<\/tr>\n<\/tbody>\n<\/table>\n<\/td>\n<\/tr>\n<\/tbody>\n<\/table>","protected":false},"excerpt":{"rendered":"<p><strong>KOD NO:<\/strong><\/p>\n<table style=\"height: 34px;\" width=\"869\">\n<tbody>\n<tr>\n<td width=\"945\">M-249<\/td>\n<\/tr>\n<\/tbody>\n<\/table>\n<p><strong>\u00dcR\u00dcN A\u00c7IKLAMASI<\/strong><\/p>\n<table style=\"height: 45px;\" width=\"872\">\n<tbody>\n<tr>\n<td width=\"945\">CHEFF MEGA SALATA KASES\u0130 (32 X 15 CM) \u2013 8,5 LT<\/td>\n<\/tr>\n<\/tbody>\n<\/table>\n<p>&nbsp;<\/p>\n<table style=\"height: 148px;\" width=\"874\">\n<tbody>\n<tr>\n<td width=\"102\"><\/td>\n<td width=\"104\"><\/td>\n<td width=\"108\"><strong>Br\u00fct\u00a0<\/strong><\/td>\n<td width=\"117\"><strong>Net\u00a0<\/strong><\/td>\n<td width=\"189\"><\/td>\n<td width=\"196\"><\/td>\n<\/tr>\n<tr>\n<td><strong>Miktar<\/strong><\/td>\n<td><strong>Koli<\/strong><\/td>\n<td><strong>Koli<\/strong><\/td>\n<td><strong>Koli<\/strong><\/td>\n<td><strong>Kutu<\/strong><\/td>\n<td><\/td>\n<\/tr>\n<tr>\n<td><strong>Koli \u0130\u00e7i<\/strong><\/td>\n<td><strong>Hacim<\/strong><\/td>\n<td><strong>A\u011f\u0131rl\u0131k<\/strong><\/td>\n<td><strong>A\u011f\u0131rl\u0131k<\/strong><\/td>\n<td><strong>Boyutlar (cm)<\/strong><\/td>\n<td><strong>Barkod No:<\/strong><\/td>\n<\/tr>\n<tr>\n<td>24<\/td>\n<td>0,129<\/td>\n<td>9,500<\/td>\n<td>8,640<\/td>\n<td>65X32,5X61<\/td>\n<td>\n<table style=\"height: 33px;\" width=\"214\">\n<tbody>\n<tr>\n<td width=\"222\">8691459249007<\/td>\n<\/tr>\n<\/tbody>\n<\/table>\n<\/td>\n<\/tr>\n<\/tbody>\n<\/table>","protected":false},"featured_media":13209,"template":"","meta":[],"product_brand":[],"product_cat":[330,77],"product_tag":[],"class_list":{"0":"post-16136","1":"product","2":"type-product","3":"status-publish","4":"has-post-thumbnail","6":"product_cat-bowl-collection","7":"product_cat-cheff-bowls-collection","9":"first","10":"instock","11":"shipping-taxable","12":"product-type-simple"},"_links":{"self":[{"href":"https:\/\/ucsan.com.tr\/tr\/wp-json\/wp\/v2\/product\/16136","targetHints":{"allow":["GET"]}}],"collection":[{"href":"https:\/\/ucsan.com.tr\/tr\/wp-json\/wp\/v2\/product"}],"about":[{"href":"https:\/\/ucsan.com.tr\/tr\/wp-json\/wp\/v2\/types\/product"}],"wp:featuredmedia":[{"embeddable":true,"href":"https:\/\/ucsan.com.tr\/tr\/wp-json\/wp\/v2\/media\/13209"}],"wp:attachment":[{"href":"https:\/\/ucsan.com.tr\/tr\/wp-json\/wp\/v2\/media?parent=16136"}],"wp:term":[{"taxonomy":"product_brand","embeddable":true,"href":"https:\/\/ucsan.com.tr\/tr\/wp-json\/wp\/v2\/product_brand?post=16136"},{"taxonomy":"product_cat","embeddable":true,"href":"https:\/\/ucsan.com.tr\/tr\/wp-json\/wp\/v2\/product_cat?post=16136"},{"taxonomy":"product_tag","embeddable":true,"href":"https:\/\/ucsan.com.tr\/tr\/wp-json\/wp\/v2\/product_tag?post=16136"}],"curies":[{"name":"wp","href":"https:\/\/api.w.org\/{rel}","templated":true}]}}