{"id":1639,"date":"2020-08-20T00:46:47","date_gmt":"2020-08-19T21:46:47","guid":{"rendered":"http:\/\/ucsan.com.tr\/index.php\/product\/161-shallow-basket-with-drop-design-245-x-195-x-65-cm-22-l\/"},"modified":"2021-11-09T14:57:02","modified_gmt":"2021-11-09T11:57:02","slug":"161-damla-tasarimli-sig-sepet-245-x-195-x-65-cm-22-l","status":"publish","type":"product","link":"https:\/\/ucsan.com.tr\/tr\/urun\/161-damla-tasarimli-sig-sepet-245-x-195-x-65-cm-22-l\/","title":{"rendered":"M-161 \u2013 DAMLA TASARIMLI SI\u011e SEPET ( 24,5 x 19,5 x 6,5 CM) 2,2 L"},"content":{"rendered":"<p><strong>KOD NO:<\/strong><\/p>\n<table width=\"945\">\n<tbody>\n<tr>\n<td width=\"945\">M-161<\/td>\n<\/tr>\n<\/tbody>\n<\/table>\n<p><strong>\u00dcR\u00dcN A\u00c7IKLAMASI<\/strong><\/p>\n<table width=\"945\">\n<tbody>\n<tr>\n<td width=\"945\">DAMLA DESENL\u0130 SI\u011e SEPET ( 24,5 x 19,5 x 6,5 CM) \u2013 2,2 L<\/td>\n<\/tr>\n<\/tbody>\n<\/table>\n<p>&nbsp;<\/p>\n<table style=\"height: 145px;\" width=\"942\">\n<tbody>\n<tr>\n<td width=\"102\"><\/td>\n<td width=\"104\"><\/td>\n<td width=\"108\"><strong>Br\u00fct\u00a0<\/strong><\/td>\n<td width=\"117\"><strong>Net\u00a0<\/strong><\/td>\n<td width=\"189\"><\/td>\n<td width=\"196\"><\/td>\n<\/tr>\n<tr>\n<td><strong>Miktar<\/strong><\/td>\n<td><strong>Koli<\/strong><\/td>\n<td><strong>Koli<\/strong><\/td>\n<td><strong>Koli<\/strong><\/td>\n<td><strong>Kutu<\/strong><\/td>\n<td><\/td>\n<\/tr>\n<tr>\n<td><strong>Koli \u0130\u00e7i<\/strong><\/td>\n<td><strong>Hacim<\/strong><\/td>\n<td><strong>A\u011f\u0131rl\u0131k<\/strong><\/td>\n<td><strong>A\u011f\u0131rl\u0131k<\/strong><\/td>\n<td><strong>Boyutlar (cm)<\/strong><\/td>\n<td><strong>Barkod No:<\/strong><\/td>\n<\/tr>\n<tr>\n<td>24<\/td>\n<td>0,045<\/td>\n<td>3,255<\/td>\n<td>2,760<\/td>\n<td>39,5X25,5X45<\/td>\n<td>\n<table style=\"height: 33px;\" width=\"214\">\n<tbody>\n<tr>\n<td width=\"222\">8691459161002<\/td>\n<\/tr>\n<\/tbody>\n<\/table>\n<\/td>\n<\/tr>\n<\/tbody>\n<\/table>","protected":false},"excerpt":{"rendered":"<p><strong>KOD NO:<\/strong><\/p>\n<table width=\"945\">\n<tbody>\n<tr>\n<td width=\"945\">M-161<\/td>\n<\/tr>\n<\/tbody>\n<\/table>\n<p><strong>\u00dcR\u00dcN A\u00c7IKLAMASI<\/strong><\/p>\n<table width=\"945\">\n<tbody>\n<tr>\n<td width=\"945\">DAMLA DESENL\u0130 SI\u011e SEPET ( 24,5 x 19,5 x 6,5 CM) \u2013 2,2 L<\/td>\n<\/tr>\n<\/tbody>\n<\/table>\n<p>&nbsp;<\/p>\n<table style=\"height: 145px;\" width=\"942\">\n<tbody>\n<tr>\n<td width=\"102\"><\/td>\n<td width=\"104\"><\/td>\n<td width=\"108\"><strong>Br\u00fct\u00a0<\/strong><\/td>\n<td width=\"117\"><strong>Net\u00a0<\/strong><\/td>\n<td width=\"189\"><\/td>\n<td width=\"196\"><\/td>\n<\/tr>\n<tr>\n<td><strong>Miktar<\/strong><\/td>\n<td><strong>Koli<\/strong><\/td>\n<td><strong>Koli<\/strong><\/td>\n<td><strong>Koli<\/strong><\/td>\n<td><strong>Kutu<\/strong><\/td>\n<td><\/td>\n<\/tr>\n<tr>\n<td><strong>Koli \u0130\u00e7i<\/strong><\/td>\n<td><strong>Hacim<\/strong><\/td>\n<td><strong>A\u011f\u0131rl\u0131k<\/strong><\/td>\n<td><strong>A\u011f\u0131rl\u0131k<\/strong><\/td>\n<td><strong>Boyutlar (cm)<\/strong><\/td>\n<td><strong>Barkod No:<\/strong><\/td>\n<\/tr>\n<tr>\n<td>24<\/td>\n<td>0,045<\/td>\n<td>3,255<\/td>\n<td>2,760<\/td>\n<td>39,5X25,5X45<\/td>\n<td>\n<table style=\"height: 33px;\" width=\"214\">\n<tbody>\n<tr>\n<td width=\"222\">8691459161002<\/td>\n<\/tr>\n<\/tbody>\n<\/table>\n<\/td>\n<\/tr>\n<\/tbody>\n<\/table>","protected":false},"featured_media":3109,"template":"","meta":[],"product_brand":[],"product_cat":[84,83],"product_tag":[],"class_list":{"0":"post-1639","1":"product","2":"type-product","3":"status-publish","4":"has-post-thumbnail","6":"product_cat-drop-design-baskets-collection","7":"product_cat-house-hold-items","9":"first","10":"instock","11":"shipping-taxable","12":"product-type-simple"},"_links":{"self":[{"href":"https:\/\/ucsan.com.tr\/tr\/wp-json\/wp\/v2\/product\/1639","targetHints":{"allow":["GET"]}}],"collection":[{"href":"https:\/\/ucsan.com.tr\/tr\/wp-json\/wp\/v2\/product"}],"about":[{"href":"https:\/\/ucsan.com.tr\/tr\/wp-json\/wp\/v2\/types\/product"}],"wp:featuredmedia":[{"embeddable":true,"href":"https:\/\/ucsan.com.tr\/tr\/wp-json\/wp\/v2\/media\/3109"}],"wp:attachment":[{"href":"https:\/\/ucsan.com.tr\/tr\/wp-json\/wp\/v2\/media?parent=1639"}],"wp:term":[{"taxonomy":"product_brand","embeddable":true,"href":"https:\/\/ucsan.com.tr\/tr\/wp-json\/wp\/v2\/product_brand?post=1639"},{"taxonomy":"product_cat","embeddable":true,"href":"https:\/\/ucsan.com.tr\/tr\/wp-json\/wp\/v2\/product_cat?post=1639"},{"taxonomy":"product_tag","embeddable":true,"href":"https:\/\/ucsan.com.tr\/tr\/wp-json\/wp\/v2\/product_tag?post=1639"}],"curies":[{"name":"wp","href":"https:\/\/api.w.org\/{rel}","templated":true}]}}