{"id":16675,"date":"2020-12-20T19:34:11","date_gmt":"2020-12-20T16:34:11","guid":{"rendered":"http:\/\/ucsan.com.tr\/?post_type=product&#038;p=16675"},"modified":"2021-11-09T15:06:15","modified_gmt":"2021-11-09T12:06:15","slug":"m-1071-kilitli-kare-gida-kutusu-11-x-11-x-6-cm-04-l","status":"publish","type":"product","link":"https:\/\/ucsan.com.tr\/tr\/urun\/m-1071-kilitli-kare-gida-kutusu-11-x-11-x-6-cm-04-l\/","title":{"rendered":"M-1071 \u2013 K\u0130L\u0130TL\u0130 KARE KUTU (11x11x6 CM) 0,4 L"},"content":{"rendered":"<p><strong>KOD NO:<\/strong><\/p>\n<table width=\"874\">\n<tbody>\n<tr>\n<td width=\"945\">M-1071<\/td>\n<\/tr>\n<\/tbody>\n<\/table>\n<p><strong>\u00dcR\u00dcN A\u00c7IKLAMASI<\/strong><\/p>\n<table width=\"403\">\n<tbody>\n<tr>\n<td width=\"945\">\n<table width=\"867\">\n<tbody>\n<tr>\n<td width=\"945\">LOCK &amp; FIT KARE GIDA KUTUSU (11 X 11 X 6 CM) 0,4 L<\/td>\n<\/tr>\n<\/tbody>\n<\/table>\n<\/td>\n<\/tr>\n<\/tbody>\n<\/table>\n<p>&nbsp;<\/p>\n<table width=\"874\">\n<tbody>\n<tr>\n<td width=\"102\"><\/td>\n<td width=\"104\"><\/td>\n<td width=\"108\"><strong>Br\u00fct\u00a0<\/strong><\/td>\n<td width=\"117\"><strong>Net\u00a0<\/strong><\/td>\n<td width=\"189\"><\/td>\n<td width=\"196\"><\/td>\n<\/tr>\n<tr>\n<td><strong>Miktar<\/strong><\/td>\n<td><strong>Koli<\/strong><\/td>\n<td><strong>Koli<\/strong><\/td>\n<td><strong>Koli<\/strong><\/td>\n<td><strong>Kutu<\/strong><\/td>\n<td><\/td>\n<\/tr>\n<tr>\n<td><strong>Koli \u0130\u00e7i<\/strong><\/td>\n<td><strong>Hacim<\/strong><\/td>\n<td><strong>A\u011f\u0131rl\u0131k<\/strong><\/td>\n<td><strong>A\u011f\u0131rl\u0131k<\/strong><\/td>\n<td><strong>Boyutlar (cm)<\/strong><\/td>\n<td><strong>Barkod No:<\/strong><\/td>\n<\/tr>\n<tr>\n<td>24<\/td>\n<td><\/td>\n<td><\/td>\n<td><\/td>\n<td><\/td>\n<td>\n<table width=\"214\">\n<tbody>\n<tr>\n<td width=\"222\">8691459107109<\/td>\n<\/tr>\n<\/tbody>\n<\/table>\n<\/td>\n<\/tr>\n<\/tbody>\n<\/table>","protected":false},"excerpt":{"rendered":"<p><strong>KOD NO:<\/strong><\/p>\n<table width=\"874\">\n<tbody>\n<tr>\n<td width=\"945\">M-1071<\/td>\n<\/tr>\n<\/tbody>\n<\/table>\n<p><strong>\u00dcR\u00dcN A\u00c7IKLAMASI<\/strong><\/p>\n<table width=\"403\">\n<tbody>\n<tr>\n<td width=\"945\">\n<table width=\"867\">\n<tbody>\n<tr>\n<td width=\"945\">LOCK &amp; FIT KARE GIDA KUTUSU (11 X 11 X 6 CM) 0,4 L<\/td>\n<\/tr>\n<\/tbody>\n<\/table>\n<\/td>\n<\/tr>\n<\/tbody>\n<\/table>\n<p>&nbsp;<\/p>\n<table width=\"874\">\n<tbody>\n<tr>\n<td width=\"102\"><\/td>\n<td width=\"104\"><\/td>\n<td width=\"108\"><strong>Br\u00fct\u00a0<\/strong><\/td>\n<td width=\"117\"><strong>Net\u00a0<\/strong><\/td>\n<td width=\"189\"><\/td>\n<td width=\"196\"><\/td>\n<\/tr>\n<tr>\n<td><strong>Miktar<\/strong><\/td>\n<td><strong>Koli<\/strong><\/td>\n<td><strong>Koli<\/strong><\/td>\n<td><strong>Koli<\/strong><\/td>\n<td><strong>Kutu<\/strong><\/td>\n<td><\/td>\n<\/tr>\n<tr>\n<td><strong>Koli \u0130\u00e7i<\/strong><\/td>\n<td><strong>Hacim<\/strong><\/td>\n<td><strong>A\u011f\u0131rl\u0131k<\/strong><\/td>\n<td><strong>A\u011f\u0131rl\u0131k<\/strong><\/td>\n<td><strong>Boyutlar (cm)<\/strong><\/td>\n<td><strong>Barkod No:<\/strong><\/td>\n<\/tr>\n<tr>\n<td>24<\/td>\n<td><\/td>\n<td><\/td>\n<td><\/td>\n<td><\/td>\n<td>\n<table width=\"214\">\n<tbody>\n<tr>\n<td width=\"222\">8691459107109<\/td>\n<\/tr>\n<\/tbody>\n<\/table>\n<\/td>\n<\/tr>\n<\/tbody>\n<\/table>","protected":false},"featured_media":16799,"template":"","meta":[],"product_brand":[],"product_cat":[69,214],"product_tag":[],"class_list":{"0":"post-16675","1":"product","2":"type-product","3":"status-publish","4":"has-post-thumbnail","6":"product_cat-kitchen-hold-items","7":"product_cat-lock-fit-box-square-food-box","9":"first","10":"instock","11":"shipping-taxable","12":"product-type-simple"},"_links":{"self":[{"href":"https:\/\/ucsan.com.tr\/tr\/wp-json\/wp\/v2\/product\/16675","targetHints":{"allow":["GET"]}}],"collection":[{"href":"https:\/\/ucsan.com.tr\/tr\/wp-json\/wp\/v2\/product"}],"about":[{"href":"https:\/\/ucsan.com.tr\/tr\/wp-json\/wp\/v2\/types\/product"}],"wp:featuredmedia":[{"embeddable":true,"href":"https:\/\/ucsan.com.tr\/tr\/wp-json\/wp\/v2\/media\/16799"}],"wp:attachment":[{"href":"https:\/\/ucsan.com.tr\/tr\/wp-json\/wp\/v2\/media?parent=16675"}],"wp:term":[{"taxonomy":"product_brand","embeddable":true,"href":"https:\/\/ucsan.com.tr\/tr\/wp-json\/wp\/v2\/product_brand?post=16675"},{"taxonomy":"product_cat","embeddable":true,"href":"https:\/\/ucsan.com.tr\/tr\/wp-json\/wp\/v2\/product_cat?post=16675"},{"taxonomy":"product_tag","embeddable":true,"href":"https:\/\/ucsan.com.tr\/tr\/wp-json\/wp\/v2\/product_tag?post=16675"}],"curies":[{"name":"wp","href":"https:\/\/api.w.org\/{rel}","templated":true}]}}