{"id":17024,"date":"2021-01-07T13:34:49","date_gmt":"2021-01-07T10:34:49","guid":{"rendered":"http:\/\/ucsan.com.tr\/?post_type=product&#038;p=17024"},"modified":"2021-11-09T15:06:45","modified_gmt":"2021-11-09T12:06:45","slug":"m-3816-soft-lock-gida-saklama-kabi-uclu-set-048-lt-085-lt-14-lt","status":"publish","type":"product","link":"https:\/\/ucsan.com.tr\/tr\/urun\/m-3816-soft-lock-gida-saklama-kabi-uclu-set-048-lt-085-lt-14-lt\/","title":{"rendered":"M-3816 \u2013 YUMU\u015eAK &amp; K\u0130L\u0130TL\u0130 YUVARLAK GIDA KORUYUCU (\u00dc\u00e7l\u00fc Set) (0,48 L + 0,85 L + 1,4 L)"},"content":{"rendered":"<p><strong>KOD NO:<\/strong><\/p>\n<table width=\"945\">\n<tbody>\n<tr>\n<td width=\"945\">M-3816<\/td>\n<\/tr>\n<\/tbody>\n<\/table>\n<p><strong>\u00dcR\u00dcN A\u00c7IKLAMASI<\/strong><\/p>\n<table width=\"945\">\n<tbody>\n<tr>\n<td width=\"945\">SOFT &amp; LOCK GIDA SAKLAMA \u2013 (\u00dc\u00e7l\u00fc Set) (0,48 LT + 0,85 LT + 1,4 LT)<\/td>\n<\/tr>\n<\/tbody>\n<\/table>\n<p>&nbsp;<\/p>\n<table width=\"942\">\n<tbody>\n<tr>\n<td width=\"102\"><\/td>\n<td width=\"104\"><\/td>\n<td width=\"108\"><strong>Br\u00fct\u00a0<\/strong><\/td>\n<td width=\"117\"><strong>Net\u00a0<\/strong><\/td>\n<td width=\"189\"><\/td>\n<td width=\"196\"><\/td>\n<\/tr>\n<tr>\n<td><strong>Miktar<\/strong><\/td>\n<td><strong>Koli<\/strong><\/td>\n<td><strong>Koli<\/strong><\/td>\n<td><strong>Koli<\/strong><\/td>\n<td><strong>Kutu<\/strong><\/td>\n<td><\/td>\n<\/tr>\n<tr>\n<td><strong>Koli \u0130\u00e7i<\/strong><\/td>\n<td><strong>Hacim<\/strong><\/td>\n<td><strong>A\u011f\u0131rl\u0131k<\/strong><\/td>\n<td><strong>A\u011f\u0131rl\u0131k<\/strong><\/td>\n<td><strong>Boyutlar (cm)<\/strong><\/td>\n<td><strong>Barkod No:<\/strong><\/td>\n<\/tr>\n<tr>\n<td>24<\/td>\n<td><\/td>\n<td><\/td>\n<td><\/td>\n<td>37X37X49<\/td>\n<td>\n<table width=\"214\">\n<tbody>\n<tr>\n<td width=\"222\">8691459381608<\/td>\n<\/tr>\n<\/tbody>\n<\/table>\n<\/td>\n<\/tr>\n<\/tbody>\n<\/table>","protected":false},"excerpt":{"rendered":"<p>CODE NO : M-3816 DESCR\u0130PT\u0130ON OF GOODS : SOFT &amp; LOCK FOOD SAVER &#8211; (Set of Three) (0,48 LT + 0,85 LT + 1,4 LT) &nbsp; GROSS\u00a0 NET\u00a0 Quantity each box each box each box Box in Box volume weight weight Dimensions (cm) Barcode No: 24 37 X 37 X 49 8691459381608<\/p>","protected":false},"featured_media":17025,"template":"","meta":[],"product_brand":[],"product_cat":[70],"product_tag":[221,218,222,220,217,219],"class_list":{"0":"post-17024","1":"product","2":"type-product","3":"status-publish","4":"has-post-thumbnail","6":"product_cat-soft-lock-food-savers-collection","7":"product_tag-221","8":"product_tag-lock-food-saver","9":"product_tag-m-3816","10":"product_tag-soft","11":"product_tag-soft-lock","12":"product_tag-soft-lock-food-saver","14":"first","15":"instock","16":"shipping-taxable","17":"product-type-simple"},"_links":{"self":[{"href":"https:\/\/ucsan.com.tr\/tr\/wp-json\/wp\/v2\/product\/17024","targetHints":{"allow":["GET"]}}],"collection":[{"href":"https:\/\/ucsan.com.tr\/tr\/wp-json\/wp\/v2\/product"}],"about":[{"href":"https:\/\/ucsan.com.tr\/tr\/wp-json\/wp\/v2\/types\/product"}],"wp:featuredmedia":[{"embeddable":true,"href":"https:\/\/ucsan.com.tr\/tr\/wp-json\/wp\/v2\/media\/17025"}],"wp:attachment":[{"href":"https:\/\/ucsan.com.tr\/tr\/wp-json\/wp\/v2\/media?parent=17024"}],"wp:term":[{"taxonomy":"product_brand","embeddable":true,"href":"https:\/\/ucsan.com.tr\/tr\/wp-json\/wp\/v2\/product_brand?post=17024"},{"taxonomy":"product_cat","embeddable":true,"href":"https:\/\/ucsan.com.tr\/tr\/wp-json\/wp\/v2\/product_cat?post=17024"},{"taxonomy":"product_tag","embeddable":true,"href":"https:\/\/ucsan.com.tr\/tr\/wp-json\/wp\/v2\/product_tag?post=17024"}],"curies":[{"name":"wp","href":"https:\/\/api.w.org\/{rel}","templated":true}]}}