{"id":17040,"date":"2021-01-09T14:13:26","date_gmt":"2021-01-09T11:13:26","guid":{"rendered":"http:\/\/ucsan.com.tr\/?post_type=product&#038;p=17040"},"modified":"2021-11-09T15:06:51","modified_gmt":"2021-11-09T12:06:51","slug":"m-1077-kilitli-kare-gida-kutusu-dortlu-set-04071324-l","status":"publish","type":"product","link":"https:\/\/ucsan.com.tr\/tr\/urun\/m-1077-kilitli-kare-gida-kutusu-dortlu-set-04071324-l\/","title":{"rendered":"M-1077 \u2013 K\u0130L\u0130TL\u0130 VE UYGUN KARE KUTU 4 PAR\u00c7A SET ( 0,4 L + 0,7 L + 1,3 L + 2,4 L )"},"content":{"rendered":"<p><strong>KOD NO:<\/strong><\/p>\n<table width=\"874\">\n<tbody>\n<tr>\n<td width=\"945\">M-1077<\/td>\n<\/tr>\n<\/tbody>\n<\/table>\n<p><strong>\u00dcR\u00dcN A\u00c7IKLAMASI<\/strong><\/p>\n<table width=\"403\">\n<tbody>\n<tr>\n<td width=\"945\">\n<table width=\"867\">\n<tbody>\n<tr>\n<td width=\"945\">LOCK &amp; FIT KARE GIDA KUTUSU (D\u00f6rtl\u00fc Set) 0,4+0,7+1,3+2,4 L<\/td>\n<\/tr>\n<\/tbody>\n<\/table>\n<\/td>\n<\/tr>\n<\/tbody>\n<\/table>\n<p>&nbsp;<\/p>\n<table width=\"874\">\n<tbody>\n<tr>\n<td width=\"102\"><\/td>\n<td width=\"104\"><\/td>\n<td width=\"108\"><strong>Br\u00fct\u00a0<\/strong><\/td>\n<td width=\"117\"><strong>Net\u00a0<\/strong><\/td>\n<td width=\"189\"><\/td>\n<td width=\"196\"><\/td>\n<\/tr>\n<tr>\n<td><strong>Miktar<\/strong><\/td>\n<td><strong>Koli<\/strong><\/td>\n<td><strong>Koli<\/strong><\/td>\n<td><strong>Koli<\/strong><\/td>\n<td><strong>Kutu<\/strong><\/td>\n<td><\/td>\n<\/tr>\n<tr>\n<td><strong>Koli \u0130\u00e7i<\/strong><\/td>\n<td><strong>Hacim<\/strong><\/td>\n<td><strong>A\u011f\u0131rl\u0131k<\/strong><\/td>\n<td><strong>A\u011f\u0131rl\u0131k<\/strong><\/td>\n<td><strong>Boyutlar (cm)<\/strong><\/td>\n<td><strong>Barkod No:<\/strong><\/td>\n<\/tr>\n<tr>\n<td>24<\/td>\n<td><\/td>\n<td><\/td>\n<td><\/td>\n<td>42x42x56<\/td>\n<td>\n<table width=\"214\">\n<tbody>\n<tr>\n<td width=\"222\">8691459107703<\/td>\n<\/tr>\n<\/tbody>\n<\/table>\n<\/td>\n<\/tr>\n<\/tbody>\n<\/table>","protected":false},"excerpt":{"rendered":"<p>CODE NO : M-1077 DESCR\u0130PT\u0130ON OF GOODS : LOCK &amp; FIT SQUARE FOOD BOX (Set of Four) 0,4+0,7+1,3+2,4 L &nbsp; GROSS\u00a0 NET\u00a0 Quantity each box each box each box Box in Box volume weight weight Dimensions (cm) Barcode No: 24 42x42x56 8691459107703<\/p>","protected":false},"featured_media":17041,"template":"","meta":[],"product_brand":[],"product_cat":[214],"product_tag":[236,231,230,229,235],"class_list":{"0":"post-17040","1":"product","2":"type-product","3":"status-publish","4":"has-post-thumbnail","6":"product_cat-lock-fit-box-square-food-box","7":"product_tag-236","8":"product_tag-lock","9":"product_tag-lock-fit","10":"product_tag-lock-fit-square-food-box","11":"product_tag-m-1077","13":"first","14":"instock","15":"shipping-taxable","16":"product-type-simple"},"_links":{"self":[{"href":"https:\/\/ucsan.com.tr\/tr\/wp-json\/wp\/v2\/product\/17040","targetHints":{"allow":["GET"]}}],"collection":[{"href":"https:\/\/ucsan.com.tr\/tr\/wp-json\/wp\/v2\/product"}],"about":[{"href":"https:\/\/ucsan.com.tr\/tr\/wp-json\/wp\/v2\/types\/product"}],"wp:featuredmedia":[{"embeddable":true,"href":"https:\/\/ucsan.com.tr\/tr\/wp-json\/wp\/v2\/media\/17041"}],"wp:attachment":[{"href":"https:\/\/ucsan.com.tr\/tr\/wp-json\/wp\/v2\/media?parent=17040"}],"wp:term":[{"taxonomy":"product_brand","embeddable":true,"href":"https:\/\/ucsan.com.tr\/tr\/wp-json\/wp\/v2\/product_brand?post=17040"},{"taxonomy":"product_cat","embeddable":true,"href":"https:\/\/ucsan.com.tr\/tr\/wp-json\/wp\/v2\/product_cat?post=17040"},{"taxonomy":"product_tag","embeddable":true,"href":"https:\/\/ucsan.com.tr\/tr\/wp-json\/wp\/v2\/product_tag?post=17040"}],"curies":[{"name":"wp","href":"https:\/\/api.w.org\/{rel}","templated":true}]}}