{"id":21563,"date":"2021-12-24T16:24:38","date_gmt":"2021-12-24T13:24:38","guid":{"rendered":"http:\/\/ucsan.com.tr\/?post_type=product&#038;p=21563"},"modified":"2021-12-24T16:28:56","modified_gmt":"2021-12-24T13:28:56","slug":"m-1492-seffaf-fume-renk-kutu-3lu-set-07-l-13-l-24-l","status":"publish","type":"product","link":"https:\/\/ucsan.com.tr\/tr\/urun\/m-1492-seffaf-fume-renk-kutu-3lu-set-07-l-13-l-24-l\/","title":{"rendered":"M-1492 \u2013 LOCK&amp;FIT \u015eEFFAF DUMANLI RENK KUTU 3 PAR\u00c7A SET ( 0,7 L + 1,3 L + 2,4 L )"},"content":{"rendered":"<p><strong>KOD NO:<\/strong><\/p>\n<table width=\"874\">\n<tbody>\n<tr>\n<td width=\"945\">M-1492<\/td>\n<\/tr>\n<\/tbody>\n<\/table>\n<p><strong>\u00dcR\u00dcN A\u00c7IKLAMASI<\/strong><\/p>\n<table width=\"403\">\n<tbody>\n<tr>\n<td width=\"945\">\n<table width=\"867\">\n<tbody>\n<tr>\n<td width=\"945\">\u015eEFFAF DUMANLI RENK KUTUSU 3&#039;L\u00dc SET ( 0,7 L + 1,3 L + 2,4 L )<\/td>\n<\/tr>\n<\/tbody>\n<\/table>\n<\/td>\n<\/tr>\n<\/tbody>\n<\/table>\n<p>&nbsp;<\/p>\n<table width=\"874\">\n<tbody>\n<tr>\n<td width=\"102\"><\/td>\n<td width=\"104\"><\/td>\n<td width=\"108\"><strong>Br\u00fct\u00a0<\/strong><\/td>\n<td width=\"117\"><strong>Net\u00a0<\/strong><\/td>\n<td width=\"189\"><\/td>\n<td width=\"196\"><\/td>\n<\/tr>\n<tr>\n<td><strong>Miktar<\/strong><\/td>\n<td><strong>Koli<\/strong><\/td>\n<td><strong>Koli<\/strong><\/td>\n<td><strong>Koli<\/strong><\/td>\n<td><strong>Kutu<\/strong><\/td>\n<td><\/td>\n<\/tr>\n<tr>\n<td><strong>Koli \u0130\u00e7i<\/strong><\/td>\n<td><strong>Hacim<\/strong><\/td>\n<td><strong>A\u011f\u0131rl\u0131k<\/strong><\/td>\n<td><strong>A\u011f\u0131rl\u0131k<\/strong><\/td>\n<td><strong>Boyutlar (cm)<\/strong><\/td>\n<td><strong>Barkod No:<\/strong><\/td>\n<\/tr>\n<tr>\n<td>24<\/td>\n<td><\/td>\n<td><\/td>\n<td><\/td>\n<td>42X42X56<\/td>\n<td>\n<table width=\"214\">\n<tbody>\n<tr>\n<td width=\"222\">8691459149208<\/td>\n<\/tr>\n<\/tbody>\n<\/table>\n<\/td>\n<\/tr>\n<\/tbody>\n<\/table>\n<p>&nbsp;<\/p>","protected":false},"excerpt":{"rendered":"<p><strong>KOD NO:<\/strong><\/p>\n<table width=\"874\">\n<tbody>\n<tr>\n<td width=\"945\">M-1492<\/td>\n<\/tr>\n<\/tbody>\n<\/table>\n<p><strong>\u00dcR\u00dcN A\u00c7IKLAMASI<\/strong><\/p>\n<table width=\"403\">\n<tbody>\n<tr>\n<td width=\"945\">\n<table width=\"867\">\n<tbody>\n<tr>\n<td width=\"945\">\u015eEFFAF DUMANLI RENK KUTUSU 3&#039;L\u00dc SET ( 0,7 L + 1,3 L + 2,4 L )<\/td>\n<\/tr>\n<\/tbody>\n<\/table>\n<\/td>\n<\/tr>\n<\/tbody>\n<\/table>\n<p>&nbsp;<\/p>\n<table width=\"874\">\n<tbody>\n<tr>\n<td width=\"102\"><\/td>\n<td width=\"104\"><\/td>\n<td width=\"108\"><strong>Br\u00fct\u00a0<\/strong><\/td>\n<td width=\"117\"><strong>Net\u00a0<\/strong><\/td>\n<td width=\"189\"><\/td>\n<td width=\"196\"><\/td>\n<\/tr>\n<tr>\n<td><strong>Miktar<\/strong><\/td>\n<td><strong>Koli<\/strong><\/td>\n<td><strong>Koli<\/strong><\/td>\n<td><strong>Koli<\/strong><\/td>\n<td><strong>Kutu<\/strong><\/td>\n<td><\/td>\n<\/tr>\n<tr>\n<td><strong>Koli \u0130\u00e7i<\/strong><\/td>\n<td><strong>Hacim<\/strong><\/td>\n<td><strong>A\u011f\u0131rl\u0131k<\/strong><\/td>\n<td><strong>A\u011f\u0131rl\u0131k<\/strong><\/td>\n<td><strong>Boyutlar (cm)<\/strong><\/td>\n<td><strong>Barkod No:<\/strong><\/td>\n<\/tr>\n<tr>\n<td>24<\/td>\n<td><\/td>\n<td><\/td>\n<td><\/td>\n<td>42X42X56<\/td>\n<td>\n<table width=\"214\">\n<tbody>\n<tr>\n<td width=\"222\">8691459149208<\/td>\n<\/tr>\n<\/tbody>\n<\/table>\n<\/td>\n<\/tr>\n<\/tbody>\n<\/table>\n<p>&nbsp;<\/p>","protected":false},"featured_media":21564,"template":"","meta":[],"product_brand":[],"product_cat":[214],"product_tag":[],"class_list":{"0":"post-21563","1":"product","2":"type-product","3":"status-publish","4":"has-post-thumbnail","6":"product_cat-lock-fit-box-square-food-box","8":"first","9":"instock","10":"shipping-taxable","11":"product-type-simple"},"_links":{"self":[{"href":"https:\/\/ucsan.com.tr\/tr\/wp-json\/wp\/v2\/product\/21563","targetHints":{"allow":["GET"]}}],"collection":[{"href":"https:\/\/ucsan.com.tr\/tr\/wp-json\/wp\/v2\/product"}],"about":[{"href":"https:\/\/ucsan.com.tr\/tr\/wp-json\/wp\/v2\/types\/product"}],"wp:featuredmedia":[{"embeddable":true,"href":"https:\/\/ucsan.com.tr\/tr\/wp-json\/wp\/v2\/media\/21564"}],"wp:attachment":[{"href":"https:\/\/ucsan.com.tr\/tr\/wp-json\/wp\/v2\/media?parent=21563"}],"wp:term":[{"taxonomy":"product_brand","embeddable":true,"href":"https:\/\/ucsan.com.tr\/tr\/wp-json\/wp\/v2\/product_brand?post=21563"},{"taxonomy":"product_cat","embeddable":true,"href":"https:\/\/ucsan.com.tr\/tr\/wp-json\/wp\/v2\/product_cat?post=21563"},{"taxonomy":"product_tag","embeddable":true,"href":"https:\/\/ucsan.com.tr\/tr\/wp-json\/wp\/v2\/product_tag?post=21563"}],"curies":[{"name":"wp","href":"https:\/\/api.w.org\/{rel}","templated":true}]}}