{"id":22495,"date":"2022-08-23T09:04:55","date_gmt":"2022-08-23T06:04:55","guid":{"rendered":"http:\/\/ucsan.com.tr\/?post_type=product&#038;p=22495"},"modified":"2022-08-23T09:04:56","modified_gmt":"2022-08-23T06:04:56","slug":"m-1045-eco-whirlpool-swing-cop-kovasi-340-x-260-x-525-mm-27-l","status":"publish","type":"product","link":"https:\/\/ucsan.com.tr\/tr\/urun\/m-1045-eco-whirlpool-swing-cop-kovasi-340-x-260-x-525-mm-27-l\/","title":{"rendered":"M-1045 \u2013 ECO WHIRLPOOL SALINCAK \u00c7\u00d6P KOVASI ( 340 x 260 x 525 mm ) 27 L"},"content":{"rendered":"<p><strong>KOD NO:<\/strong><\/p>\n<table style=\"height: 34px;\" width=\"869\">\n<tbody>\n<tr>\n<td width=\"945\">M-1045<\/td>\n<\/tr>\n<\/tbody>\n<\/table>\n<p><strong>\u00dcR\u00dcN A\u00c7IKLAMASI<\/strong><\/p>\n<table style=\"height: 31px;\" width=\"872\">\n<tbody>\n<tr>\n<td width=\"945\">ECO WHIRLPOOL SALINCAK \u00c7\u00d6P KOVASI ( 340 x 260 x 525 mm ) 27 L<\/td>\n<\/tr>\n<\/tbody>\n<\/table>\n<p>&nbsp;<\/p>\n<table style=\"height: 148px;\" width=\"874\">\n<tbody>\n<tr>\n<td width=\"102\"><\/td>\n<td width=\"104\"><\/td>\n<td width=\"108\"><strong>Br\u00fct\u00a0<\/strong><\/td>\n<td width=\"117\"><strong>Net\u00a0<\/strong><\/td>\n<td width=\"189\"><\/td>\n<td width=\"196\"><\/td>\n<\/tr>\n<tr>\n<td><strong>Miktar<\/strong><\/td>\n<td><strong>Koli<\/strong><\/td>\n<td><strong>Koli<\/strong><\/td>\n<td><strong>Koli<\/strong><\/td>\n<td><strong>Kutu<\/strong><\/td>\n<td><\/td>\n<\/tr>\n<tr>\n<td><strong>Koli \u0130\u00e7i<\/strong><\/td>\n<td><strong>Hacim<\/strong><\/td>\n<td><strong>A\u011f\u0131rl\u0131k<\/strong><\/td>\n<td><strong>A\u011f\u0131rl\u0131k<\/strong><\/td>\n<td><strong>Boyutlar (cm)<\/strong><\/td>\n<td><strong>Barkod No:<\/strong><\/td>\n<\/tr>\n<tr>\n<td>12<\/td>\n<td>0,187<\/td>\n<td><\/td>\n<td><\/td>\n<td>53X35X101<\/td>\n<td>\n<table style=\"height: 33px;\" width=\"214\">\n<tbody>\n<tr>\n<td width=\"222\">8691459104504<\/td>\n<\/tr>\n<\/tbody>\n<\/table>\n<\/td>\n<\/tr>\n<\/tbody>\n<\/table>","protected":false},"excerpt":{"rendered":"<p><strong>KOD NO:<\/strong><\/p>\n<table style=\"height: 34px;\" width=\"869\">\n<tbody>\n<tr>\n<td width=\"945\">M-1045<\/td>\n<\/tr>\n<\/tbody>\n<\/table>\n<p><strong>\u00dcR\u00dcN A\u00c7IKLAMASI<\/strong><\/p>\n<table style=\"height: 31px;\" width=\"872\">\n<tbody>\n<tr>\n<td width=\"945\">ECO WHIRLPOOL SALINCAK \u00c7\u00d6P KOVASI ( 340 x 260 x 525 mm ) 27 L<\/td>\n<\/tr>\n<\/tbody>\n<\/table>\n<p>&nbsp;<\/p>\n<table style=\"height: 148px;\" width=\"874\">\n<tbody>\n<tr>\n<td width=\"102\"><\/td>\n<td width=\"104\"><\/td>\n<td width=\"108\"><strong>Br\u00fct\u00a0<\/strong><\/td>\n<td width=\"117\"><strong>Net\u00a0<\/strong><\/td>\n<td width=\"189\"><\/td>\n<td width=\"196\"><\/td>\n<\/tr>\n<tr>\n<td><strong>Miktar<\/strong><\/td>\n<td><strong>Koli<\/strong><\/td>\n<td><strong>Koli<\/strong><\/td>\n<td><strong>Koli<\/strong><\/td>\n<td><strong>Kutu<\/strong><\/td>\n<td><\/td>\n<\/tr>\n<tr>\n<td><strong>Koli \u0130\u00e7i<\/strong><\/td>\n<td><strong>Hacim<\/strong><\/td>\n<td><strong>A\u011f\u0131rl\u0131k<\/strong><\/td>\n<td><strong>A\u011f\u0131rl\u0131k<\/strong><\/td>\n<td><strong>Boyutlar (cm)<\/strong><\/td>\n<td><strong>Barkod No:<\/strong><\/td>\n<\/tr>\n<tr>\n<td>12<\/td>\n<td>0,187<\/td>\n<td><\/td>\n<td><\/td>\n<td>53X35X101<\/td>\n<td>\n<table style=\"height: 33px;\" width=\"214\">\n<tbody>\n<tr>\n<td width=\"222\">8691459104504<\/td>\n<\/tr>\n<\/tbody>\n<\/table>\n<\/td>\n<\/tr>\n<\/tbody>\n<\/table>","protected":false},"featured_media":22496,"template":"","meta":[],"product_brand":[],"product_cat":[91],"product_tag":[490],"class_list":{"0":"post-22495","1":"product","2":"type-product","3":"status-publish","4":"has-post-thumbnail","6":"product_cat-dustbins-collection","7":"product_tag-m-1045","9":"first","10":"instock","11":"shipping-taxable","12":"product-type-simple"},"_links":{"self":[{"href":"https:\/\/ucsan.com.tr\/tr\/wp-json\/wp\/v2\/product\/22495","targetHints":{"allow":["GET"]}}],"collection":[{"href":"https:\/\/ucsan.com.tr\/tr\/wp-json\/wp\/v2\/product"}],"about":[{"href":"https:\/\/ucsan.com.tr\/tr\/wp-json\/wp\/v2\/types\/product"}],"wp:featuredmedia":[{"embeddable":true,"href":"https:\/\/ucsan.com.tr\/tr\/wp-json\/wp\/v2\/media\/22496"}],"wp:attachment":[{"href":"https:\/\/ucsan.com.tr\/tr\/wp-json\/wp\/v2\/media?parent=22495"}],"wp:term":[{"taxonomy":"product_brand","embeddable":true,"href":"https:\/\/ucsan.com.tr\/tr\/wp-json\/wp\/v2\/product_brand?post=22495"},{"taxonomy":"product_cat","embeddable":true,"href":"https:\/\/ucsan.com.tr\/tr\/wp-json\/wp\/v2\/product_cat?post=22495"},{"taxonomy":"product_tag","embeddable":true,"href":"https:\/\/ucsan.com.tr\/tr\/wp-json\/wp\/v2\/product_tag?post=22495"}],"curies":[{"name":"wp","href":"https:\/\/api.w.org\/{rel}","templated":true}]}}