{"id":2316,"date":"2020-09-02T18:43:46","date_gmt":"2020-09-02T15:43:46","guid":{"rendered":"http:\/\/ucsan.com.tr\/index.php\/product\/071-plastic-basket-with-knit-design-320-x-305-x-260-cm-15-lt\/"},"modified":"2021-11-09T14:57:31","modified_gmt":"2021-11-09T11:57:31","slug":"071-orgu-desenli-plastik-sepet-320-x-305-x-260-cm-15-lt","status":"publish","type":"product","link":"https:\/\/ucsan.com.tr\/tr\/urun\/071-orgu-desenli-plastik-sepet-320-x-305-x-260-cm-15-lt\/","title":{"rendered":"M-071 \u2013 \u00d6RME TASARIMLI PLAST\u0130K SEPET (32,0 X 30,5 X 26,0 CM) 15 LT"},"content":{"rendered":"<p><strong>KOD NO:<\/strong><\/p>\n<table style=\"height: 34px;\" width=\"869\">\n<tbody>\n<tr>\n<td width=\"945\">M-071<\/td>\n<\/tr>\n<\/tbody>\n<\/table>\n<p><strong>\u00dcR\u00dcN A\u00c7IKLAMASI<\/strong><\/p>\n<table style=\"height: 31px;\" width=\"872\">\n<tbody>\n<tr>\n<td width=\"945\">\u00d6RME TASARIMLI PLAST\u0130K SEPET (32,0 X 30,5 X 26,0 CM) \u2013 15 LT<\/td>\n<\/tr>\n<\/tbody>\n<\/table>\n<p>&nbsp;<\/p>\n<table style=\"height: 148px;\" width=\"874\">\n<tbody>\n<tr>\n<td width=\"102\"><\/td>\n<td width=\"104\"><\/td>\n<td width=\"108\"><strong>Br\u00fct\u00a0<\/strong><\/td>\n<td width=\"117\"><strong>Net\u00a0<\/strong><\/td>\n<td width=\"189\"><\/td>\n<td width=\"196\"><\/td>\n<\/tr>\n<tr>\n<td><strong>Miktar<\/strong><\/td>\n<td><strong>Koli<\/strong><\/td>\n<td><strong>Koli<\/strong><\/td>\n<td><strong>Koli<\/strong><\/td>\n<td><strong>Kutu<\/strong><\/td>\n<td><\/td>\n<\/tr>\n<tr>\n<td><strong>Koli \u0130\u00e7i<\/strong><\/td>\n<td><strong>Hacim<\/strong><\/td>\n<td><strong>A\u011f\u0131rl\u0131k<\/strong><\/td>\n<td><strong>A\u011f\u0131rl\u0131k<\/strong><\/td>\n<td><strong>Boyutlar (cm)<\/strong><\/td>\n<td><strong>Barkod No:<\/strong><\/td>\n<\/tr>\n<tr>\n<td>12<\/td>\n<td>0,083<\/td>\n<td>7,132<\/td>\n<td>6,432<\/td>\n<td>61,5X31,5X43<\/td>\n<td>\n<table style=\"height: 33px;\" width=\"214\">\n<tbody>\n<tr>\n<td width=\"222\">8691459071004<\/td>\n<\/tr>\n<\/tbody>\n<\/table>\n<\/td>\n<\/tr>\n<\/tbody>\n<\/table>","protected":false},"excerpt":{"rendered":"<p>CODE NO : M-071 DESCR\u0130PT\u0130ON OF GOODS : PLASTIC BASKET WITH KNIT DESIGN (32,0 X 30,5 X 26,0 CM) &#8211; 15 LT &nbsp; GROSS\u00a0 NET\u00a0 Quantity each box each box each box Box in Box volume weight weight Dimensions (cm) Barcode No: 12 0,083 7,132 6,432 61,5 X 31,5 X 43 8691459071004<\/p>","protected":false},"featured_media":19095,"template":"","meta":[],"product_brand":[],"product_cat":[83,92],"product_tag":[],"class_list":{"0":"post-2316","1":"product","2":"type-product","3":"status-publish","4":"has-post-thumbnail","6":"product_cat-house-hold-items","7":"product_cat-knit-design-baskets-collection","9":"first","10":"instock","11":"shipping-taxable","12":"product-type-simple"},"_links":{"self":[{"href":"https:\/\/ucsan.com.tr\/tr\/wp-json\/wp\/v2\/product\/2316","targetHints":{"allow":["GET"]}}],"collection":[{"href":"https:\/\/ucsan.com.tr\/tr\/wp-json\/wp\/v2\/product"}],"about":[{"href":"https:\/\/ucsan.com.tr\/tr\/wp-json\/wp\/v2\/types\/product"}],"wp:featuredmedia":[{"embeddable":true,"href":"https:\/\/ucsan.com.tr\/tr\/wp-json\/wp\/v2\/media\/19095"}],"wp:attachment":[{"href":"https:\/\/ucsan.com.tr\/tr\/wp-json\/wp\/v2\/media?parent=2316"}],"wp:term":[{"taxonomy":"product_brand","embeddable":true,"href":"https:\/\/ucsan.com.tr\/tr\/wp-json\/wp\/v2\/product_brand?post=2316"},{"taxonomy":"product_cat","embeddable":true,"href":"https:\/\/ucsan.com.tr\/tr\/wp-json\/wp\/v2\/product_cat?post=2316"},{"taxonomy":"product_tag","embeddable":true,"href":"https:\/\/ucsan.com.tr\/tr\/wp-json\/wp\/v2\/product_tag?post=2316"}],"curies":[{"name":"wp","href":"https:\/\/api.w.org\/{rel}","templated":true}]}}