{"id":2655,"date":"2020-09-03T03:38:02","date_gmt":"2020-09-03T00:38:02","guid":{"rendered":"http:\/\/ucsan.com.tr\/index.php\/product\/148-knit-design-bag-52-l\/"},"modified":"2021-11-09T14:57:45","modified_gmt":"2021-11-09T11:57:45","slug":"148-orgu-tasarim-canta-52-l","status":"publish","type":"product","link":"https:\/\/ucsan.com.tr\/tr\/urun\/148-orgu-tasarim-canta-52-l\/","title":{"rendered":"M-148 \u2013 \u00d6RG\u00dc TASARIM \u00c7ANTA 5,2 L"},"content":{"rendered":"<p><strong>KOD NO:<\/strong><\/p>\n<table style=\"height: 34px;\" width=\"869\">\n<tbody>\n<tr>\n<td width=\"945\">M-148<\/td>\n<\/tr>\n<\/tbody>\n<\/table>\n<p><strong>\u00dcR\u00dcN A\u00c7IKLAMASI<\/strong><\/p>\n<table style=\"height: 31px;\" width=\"872\">\n<tbody>\n<tr>\n<td width=\"945\">\u00d6RG\u00dc TASARIM \u00c7ANTA 5,2 L<\/td>\n<\/tr>\n<\/tbody>\n<\/table>\n<p>&nbsp;<\/p>\n<table style=\"height: 148px;\" width=\"874\">\n<tbody>\n<tr>\n<td width=\"102\"><\/td>\n<td width=\"104\"><\/td>\n<td width=\"108\"><strong>Br\u00fct\u00a0<\/strong><\/td>\n<td width=\"117\"><strong>Net\u00a0<\/strong><\/td>\n<td width=\"189\"><\/td>\n<td width=\"196\"><\/td>\n<\/tr>\n<tr>\n<td><strong>Miktar<\/strong><\/td>\n<td><strong>Koli<\/strong><\/td>\n<td><strong>Koli<\/strong><\/td>\n<td><strong>Koli<\/strong><\/td>\n<td><strong>Kutu<\/strong><\/td>\n<td><\/td>\n<\/tr>\n<tr>\n<td><strong>Koli \u0130\u00e7i<\/strong><\/td>\n<td><strong>Hacim<\/strong><\/td>\n<td><strong>A\u011f\u0131rl\u0131k<\/strong><\/td>\n<td><strong>A\u011f\u0131rl\u0131k<\/strong><\/td>\n<td><strong>Boyutlar (cm)<\/strong><\/td>\n<td><strong>Barkod No:<\/strong><\/td>\n<\/tr>\n<tr>\n<td>24<\/td>\n<td>0,059<\/td>\n<td>6,455<\/td>\n<td>5,880<\/td>\n<td>33X31X57,5<\/td>\n<td>\n<table style=\"height: 33px;\" width=\"214\">\n<tbody>\n<tr>\n<td width=\"222\">8691459148003<\/td>\n<\/tr>\n<\/tbody>\n<\/table>\n<\/td>\n<\/tr>\n<\/tbody>\n<\/table>","protected":false},"excerpt":{"rendered":"<p><strong>KOD NO:<\/strong><\/p>\n<table style=\"height: 34px;\" width=\"869\">\n<tbody>\n<tr>\n<td width=\"945\">M-148<\/td>\n<\/tr>\n<\/tbody>\n<\/table>\n<p><strong>\u00dcR\u00dcN A\u00c7IKLAMASI<\/strong><\/p>\n<table style=\"height: 31px;\" width=\"872\">\n<tbody>\n<tr>\n<td width=\"945\">\u00d6RG\u00dc TASARIM \u00c7ANTA 5,2 L<\/td>\n<\/tr>\n<\/tbody>\n<\/table>\n<p>&nbsp;<\/p>\n<table style=\"height: 148px;\" width=\"874\">\n<tbody>\n<tr>\n<td width=\"102\"><\/td>\n<td width=\"104\"><\/td>\n<td width=\"108\"><strong>Br\u00fct\u00a0<\/strong><\/td>\n<td width=\"117\"><strong>Net\u00a0<\/strong><\/td>\n<td width=\"189\"><\/td>\n<td width=\"196\"><\/td>\n<\/tr>\n<tr>\n<td><strong>Miktar<\/strong><\/td>\n<td><strong>Koli<\/strong><\/td>\n<td><strong>Koli<\/strong><\/td>\n<td><strong>Koli<\/strong><\/td>\n<td><strong>Kutu<\/strong><\/td>\n<td><\/td>\n<\/tr>\n<tr>\n<td><strong>Koli \u0130\u00e7i<\/strong><\/td>\n<td><strong>Hacim<\/strong><\/td>\n<td><strong>A\u011f\u0131rl\u0131k<\/strong><\/td>\n<td><strong>A\u011f\u0131rl\u0131k<\/strong><\/td>\n<td><strong>Boyutlar (cm)<\/strong><\/td>\n<td><strong>Barkod No:<\/strong><\/td>\n<\/tr>\n<tr>\n<td>24<\/td>\n<td>0,059<\/td>\n<td>6,455<\/td>\n<td>5,880<\/td>\n<td>33X31X57,5<\/td>\n<td>\n<table style=\"height: 33px;\" width=\"214\">\n<tbody>\n<tr>\n<td width=\"222\">8691459148003<\/td>\n<\/tr>\n<\/tbody>\n<\/table>\n<\/td>\n<\/tr>\n<\/tbody>\n<\/table>","protected":false},"featured_media":3267,"template":"","meta":[],"product_brand":[],"product_cat":[83,92],"product_tag":[],"class_list":{"0":"post-2655","1":"product","2":"type-product","3":"status-publish","4":"has-post-thumbnail","6":"product_cat-house-hold-items","7":"product_cat-knit-design-baskets-collection","9":"first","10":"instock","11":"shipping-taxable","12":"product-type-simple"},"_links":{"self":[{"href":"https:\/\/ucsan.com.tr\/tr\/wp-json\/wp\/v2\/product\/2655","targetHints":{"allow":["GET"]}}],"collection":[{"href":"https:\/\/ucsan.com.tr\/tr\/wp-json\/wp\/v2\/product"}],"about":[{"href":"https:\/\/ucsan.com.tr\/tr\/wp-json\/wp\/v2\/types\/product"}],"wp:featuredmedia":[{"embeddable":true,"href":"https:\/\/ucsan.com.tr\/tr\/wp-json\/wp\/v2\/media\/3267"}],"wp:attachment":[{"href":"https:\/\/ucsan.com.tr\/tr\/wp-json\/wp\/v2\/media?parent=2655"}],"wp:term":[{"taxonomy":"product_brand","embeddable":true,"href":"https:\/\/ucsan.com.tr\/tr\/wp-json\/wp\/v2\/product_brand?post=2655"},{"taxonomy":"product_cat","embeddable":true,"href":"https:\/\/ucsan.com.tr\/tr\/wp-json\/wp\/v2\/product_cat?post=2655"},{"taxonomy":"product_tag","embeddable":true,"href":"https:\/\/ucsan.com.tr\/tr\/wp-json\/wp\/v2\/product_tag?post=2655"}],"curies":[{"name":"wp","href":"https:\/\/api.w.org\/{rel}","templated":true}]}}